{"id":706,"date":"2021-11-23T18:21:23","date_gmt":"2021-11-23T18:21:23","guid":{"rendered":"https:\/\/famosasofties.com\/it\/?page_id=706"},"modified":"2021-12-03T09:44:30","modified_gmt":"2021-12-03T09:44:30","slug":"aviso-legal","status":"publish","type":"page","link":"https:\/\/famosasofties.com\/it\/aviso-legal\/","title":{"rendered":"Avvertenze legali"},"content":{"rendered":"\t\t<div data-elementor-type=\"wp-page\" data-elementor-id=\"706\" class=\"elementor elementor-706\" data-elementor-settings=\"[]\">\n\t\t\t\t\t\t\t<div class=\"elementor-section-wrap\">\n\t\t\t\t\t\t\t<section class=\"elementor-section elementor-top-section elementor-element elementor-element-48dcb3c elementor-section-full_width elementor-section-height-min-height elementor-section-height-default elementor-section-items-middle\" data-id=\"48dcb3c\" data-element_type=\"section\" data-settings=\"{&quot;background_background&quot;:&quot;classic&quot;}\">\n\t\t\t\t\t\t<div class=\"elementor-container elementor-column-gap-default\">\n\t\t\t\t\t<div class=\"elementor-column elementor-col-100 elementor-top-column elementor-element elementor-element-bae0599\" data-id=\"bae0599\" data-element_type=\"column\">\n\t\t\t<div class=\"elementor-widget-wrap elementor-element-populated\">\n\t\t\t\t\t\t\t\t<div class=\"elementor-element elementor-element-dca6349 elementor-widget elementor-widget-heading\" data-id=\"dca6349\" data-element_type=\"widget\" data-widget_type=\"heading.default\">\n\t\t\t\t<div class=\"elementor-widget-container\">\n\t\t\t<h2 class=\"elementor-heading-title elementor-size-default\">Informazioni Legali<\/h2>\t\t<\/div>\n\t\t\t\t<\/div>\n\t\t\t\t\t<\/div>\n\t\t<\/div>\n\t\t\t\t\t\t\t<\/div>\n\t\t<\/section>\n\t\t\t\t<section class=\"elementor-section elementor-top-section elementor-element elementor-element-45d7e64 elementor-section-boxed elementor-section-height-default elementor-section-height-default\" data-id=\"45d7e64\" data-element_type=\"section\">\n\t\t\t\t\t\t<div class=\"elementor-container elementor-column-gap-default\">\n\t\t\t\t\t<div class=\"elementor-column elementor-col-100 elementor-top-column elementor-element elementor-element-03fd64b\" data-id=\"03fd64b\" data-element_type=\"column\">\n\t\t\t<div class=\"elementor-widget-wrap elementor-element-populated\">\n\t\t\t\t\t\t\t\t<section class=\"elementor-section elementor-inner-section elementor-element elementor-element-232c50c elementor-section-boxed elementor-section-height-default elementor-section-height-default\" data-id=\"232c50c\" data-element_type=\"section\">\n\t\t\t\t\t\t<div class=\"elementor-container elementor-column-gap-default\">\n\t\t\t\t\t<div class=\"elementor-column elementor-col-100 elementor-inner-column elementor-element elementor-element-ec52299\" data-id=\"ec52299\" data-element_type=\"column\">\n\t\t\t<div class=\"elementor-widget-wrap elementor-element-populated\">\n\t\t\t\t\t\t\t\t<div class=\"elementor-element elementor-element-2c2a869 elementor-widget elementor-widget-text-editor\" data-id=\"2c2a869\" data-element_type=\"widget\" data-widget_type=\"text-editor.default\">\n\t\t\t\t<div class=\"elementor-widget-container\">\n\t\t\t\t\t\t\t\t<p class=\"p1\"><strong>Informazioni Legali<\/strong><\/p><p class=\"p1\">Questo sito web (di seguito \u201cIl Sito\u201d) \u00e8 di propriet\u00e0 di: : F\u00e1bricas Agrupadas de Mu\u00f1ecas de Onil, S.A.U. (di seguito, \u201cFamosa\u201d).<\/p><p class=\"p1\">Sede Legale : \u00a0C\/ del Franco s\/n, Pol\u00edgono Industrial \u201cLas Atalayas\u201d, 03114 Alicante.<\/p><p class=\"p1\">Dati di registrazione: Registro del Commercio di Alicante, Volume 3478, foglio 47, pagina 103 A 414<\/p><p class=\"p1\">Codice fiscale (CI): A-84.392.596<\/p><p class=\"p2\">\u00a0<\/p><p class=\"p1\"><b>Propriet\u00e0 intellettuale e industriale<\/b><\/p><p class=\"p1\">Tutti i contenuti del Sito, intendendo a titolo puramente informativo, \u00a0testi, fotografie, grafica, immagini, loghi, marchi, icone, tecnologia, software, link e altri contenuti, audiovisivi, audio o altro, come la loro progettazione grafica e codici sorgente (di seguito, il \u201cContenuto\u201d) sono di propriet\u00e0 intellettuale e \/ o industriale di Famosa o di terzi, essendo Famosa in quest\u2019ultimo caso un licenziatario autorizzato. Nessun diritto, di sfruttamento e non, sui Contenuti si intender\u00e0 ceduto a persone che hanno accesso al Sito o al Contenuto (di seguito, l \u2018\u201dUtente\u201d), al di l\u00e0 di quanto necessario per il corretto uso del Sito. I marchi, i nomi commerciali o i loghi distintivi sono di propriet\u00e0 di Famosa o di terzi, rispetto al quali Famosa \u00e8 un licenziatario autorizzato, e non pu\u00f2 essere interpretato che l\u2019accesso al Sito conferisce a chiunque il diritto sui marchi, nomi commerciali e \/ o loghi distintivi.<\/p><p class=\"p2\">\u00a0<\/p><p class=\"p1\"><b>Norme di uso del Sito<\/b><\/p><p class=\"p1\">La navigazione nel Sito attribuisce la condizione di Utente dello stesso e comporta la piena e incondizionata accettazione di tutte le disposizioni contenute nelle presenti Informazioni legali, che potrebbero essere suscettibili di modifiche.<\/p><p class=\"p1\">L\u2019Utente del Sito si impegna a utilizzare il Sito e il Contenuto in conformit\u00e0 con la legge e le presenti Informazioni legali, cos\u00ec come le altre condizioni, i regolamenti e le istruzioni che possono essere caso per caso applicate. A titolo informativo, \u00e8 fatto divieto all\u2019Utente di riprodurre, copiare, distribuire, mettere a disposizione di terzi, comunicare pubblicamente, trasformare o modificare i Contenuti, ad eccezione di quanto consentito dalla legge o espressamente autorizzato da Famosa o chi detiene la titolarit\u00e0 dei diritti di sfruttamento, se presente. L\u2019accesso al Sito non implica l\u2019obbligo per Famosa di garantire l\u2019assenza di virus o di altri elementi dannosi. E\u2019 dell\u2019Utente, in ogni caso, la responsabilit\u00e0 di disporre di strumenti adeguati per la detenzione e la disinfezione di programmi informatici dannosi. Famosa non \u00e8 responsabile per i danni ai computer degli utenti o di terzi durante la fruizione del servizio del Sito.<\/p><p class=\"p2\">\u00a0<\/p><p class=\"p1\"><b>Links<\/b><\/p><p class=\"p1\">Se il Sito include dispositivi tecnici di links, directory e motori di ricerca che permettono all\u2019Utente di accedere ad altri siti web e portali online (d\u2019ora in poi \u201cSiti linkati\u201d), a condizione che tali Siti Linkati non corrispondono a pagine web di propriet\u00e0 Famosa (di cui si informer\u00e0 espressamente nella relativa \u201cnota legale\u201d o \u201cCondizioni di utilizzo\u201d pubblicata su tali Siti Linkati di propriet\u00e0 di Famosa), si applica quanto di seguito riportato.<\/p><p class=\"p1\">In riferimento ai Siti Linkati, Famosa non \u00e8 responsabile dei contenuti e dei servizi offerti nei Links. Famosa non \u00e8 a conoscenza dei contenuti e dei servizi dei Links, e pertanto non \u00e8 responsabile per i danni causati dalla illegalit\u00e0, qualit\u00e0, mancata disponibilit\u00e0, e inutilit\u00e0 dei contenuti e \/ o servizi dei Links n\u00e9 di qualsiasi altro danno non direttamente imputabile a Famosa.<\/p><p class=\"p1\">In nessun caso, l\u2019esistenza di Links deve presupporre l\u2019esistenza di accordi con i responsabili o titolari degli stessi, o la raccomandazione, promozione o identificazione di Famosa con i contenuti o servizi forniti sui Siti Linkati.<\/p><p class=\"p1\">Nel caso in cui l\u2019Utente o qualsiasi altro Utente di Internet abbia appreso che Siti Linkati rimandano a pagine i cui contenuti o servizi siano illeciti, dannosi, degradanti, violenti o contrari alla moralit\u00e0 possono contattare Famosa indicando le seguenti informazioni:<\/p><p class=\"p1\">Dati Personali del comunicante : nome, indirizzo, numero di telefono e indirizzo di posta elettronica;<\/p><p class=\"p1\">Descrizione dei fatti che rivelano il carattere illecito o inadeguato del sito collegato;<\/p><p class=\"p1\">In caso di violazione dei diritti, quali la propriet\u00e0 intellettuale o industriale , i Dati Personali del titolare del diritto violato, dove differente dal comunicante. Inoltre deve fornire la documentazione attestante i diritti legittimi del titolare e, se del caso, la rappresentanza ad agire per conto del proprietario, quando persona diversa dal richiedente;<\/p><p class=\"p1\">Ddichiarazione che le informazioni contenute nella denuncia sono corrette.<\/p><p class=\"p1\">La ricezione di Famosa delle comunicazione previste in questa clausola non sottender\u00e0 l\u2019effettiva conoscenza delle attivit\u00e0 e \/ o contenuti specificati dal comunicante.<\/p>\t\t\t\t\t\t<\/div>\n\t\t\t\t<\/div>\n\t\t\t\t\t<\/div>\n\t\t<\/div>\n\t\t\t\t\t\t\t<\/div>\n\t\t<\/section>\n\t\t\t\t\t<\/div>\n\t\t<\/div>\n\t\t\t\t\t\t\t<\/div>\n\t\t<\/section>\n\t\t\t\t\t\t<\/div>\n\t\t\t\t\t<\/div>\n\t\t","protected":false},"excerpt":{"rendered":"<p>Informazioni Legali Informazioni Legali Questo sito web (di seguito \u201cIl Sito\u201d) \u00e8 di propriet\u00e0 di: : F\u00e1bricas Agrupadas de Mu\u00f1ecas de Onil, S.A.U. (di seguito, \u201cFamosa\u201d). Sede Legale : \u00a0C\/ del Franco s\/n, Pol\u00edgono Industrial \u201cLas Atalayas\u201d, 03114 Alicante. Dati di registrazione: Registro del Commercio di Alicante, Volume 3478, foglio 47, pagina 103 A 414 [&hellip;]<\/p>\n","protected":false},"author":1,"featured_media":0,"parent":0,"menu_order":32,"comment_status":"closed","ping_status":"closed","template":"page-gogreen.php","meta":{"footnotes":""},"class_list":["post-706","page","type-page","status-publish","hentry"],"acf":[],"yoast_head":"<!-- This site is optimized with the Yoast SEO plugin v16.9 - https:\/\/yoast.com\/wordpress\/plugins\/seo\/ -->\n<title>Avvertenze legali - Softies IT<\/title>\n<meta name=\"robots\" content=\"index, follow, max-snippet:-1, max-image-preview:large, max-video-preview:-1\" \/>\n<link rel=\"canonical\" href=\"https:\/\/famosasofties.com\/it\/aviso-legal\/\" \/>\n<meta property=\"og:locale\" content=\"it_IT\" \/>\n<meta property=\"og:type\" content=\"article\" \/>\n<meta property=\"og:title\" content=\"Avvertenze legali - Softies IT\" \/>\n<meta property=\"og:description\" content=\"Informazioni Legali Informazioni Legali Questo sito web (di seguito \u201cIl Sito\u201d) \u00e8 di propriet\u00e0 di: : F\u00e1bricas Agrupadas de Mu\u00f1ecas de Onil, S.A.U. (di seguito, \u201cFamosa\u201d). Sede Legale : \u00a0C\/ del Franco s\/n, Pol\u00edgono Industrial \u201cLas Atalayas\u201d, 03114 Alicante. Dati di registrazione: Registro del Commercio di Alicante, Volume 3478, foglio 47, pagina 103 A 414 [&hellip;]\" \/>\n<meta property=\"og:url\" content=\"https:\/\/famosasofties.com\/it\/aviso-legal\/\" \/>\n<meta property=\"og:site_name\" content=\"Softies IT\" \/>\n<meta property=\"article:modified_time\" content=\"2021-12-03T09:44:30+00:00\" \/>\n<meta name=\"twitter:card\" content=\"summary_large_image\" \/>\n<meta name=\"twitter:label1\" content=\"Tempo di lettura stimato\" \/>\n\t<meta name=\"twitter:data1\" content=\"4 minuti\" \/>\n<script type=\"application\/ld+json\" class=\"yoast-schema-graph\">{\"@context\":\"https:\/\/schema.org\",\"@graph\":[{\"@type\":\"WebSite\",\"@id\":\"https:\/\/famosasofties.com\/it\/#website\",\"url\":\"https:\/\/famosasofties.com\/it\/\",\"name\":\"Softies IT\",\"description\":\"Otro sitio realizado con WordPress\",\"potentialAction\":[{\"@type\":\"SearchAction\",\"target\":{\"@type\":\"EntryPoint\",\"urlTemplate\":\"https:\/\/famosasofties.com\/it\/?s={search_term_string}\"},\"query-input\":\"required name=search_term_string\"}],\"inLanguage\":\"it-IT\"},{\"@type\":\"WebPage\",\"@id\":\"https:\/\/famosasofties.com\/it\/aviso-legal\/#webpage\",\"url\":\"https:\/\/famosasofties.com\/it\/aviso-legal\/\",\"name\":\"Avvertenze legali - Softies IT\",\"isPartOf\":{\"@id\":\"https:\/\/famosasofties.com\/it\/#website\"},\"datePublished\":\"2021-11-23T18:21:23+00:00\",\"dateModified\":\"2021-12-03T09:44:30+00:00\",\"breadcrumb\":{\"@id\":\"https:\/\/famosasofties.com\/it\/aviso-legal\/#breadcrumb\"},\"inLanguage\":\"it-IT\",\"potentialAction\":[{\"@type\":\"ReadAction\",\"target\":[\"https:\/\/famosasofties.com\/it\/aviso-legal\/\"]}]},{\"@type\":\"BreadcrumbList\",\"@id\":\"https:\/\/famosasofties.com\/it\/aviso-legal\/#breadcrumb\",\"itemListElement\":[{\"@type\":\"ListItem\",\"position\":1,\"name\":\"Portada\",\"item\":\"https:\/\/famosasofties.com\/it\/\"},{\"@type\":\"ListItem\",\"position\":2,\"name\":\"Avvertenze legali\"}]}]}<\/script>\n<!-- \/ Yoast SEO plugin. -->","yoast_head_json":{"title":"Avvertenze legali - Softies IT","robots":{"index":"index","follow":"follow","max-snippet":"max-snippet:-1","max-image-preview":"max-image-preview:large","max-video-preview":"max-video-preview:-1"},"canonical":"https:\/\/famosasofties.com\/it\/aviso-legal\/","og_locale":"it_IT","og_type":"article","og_title":"Avvertenze legali - Softies IT","og_description":"Informazioni Legali Informazioni Legali Questo sito web (di seguito \u201cIl Sito\u201d) \u00e8 di propriet\u00e0 di: : F\u00e1bricas Agrupadas de Mu\u00f1ecas de Onil, S.A.U. (di seguito, \u201cFamosa\u201d). Sede Legale : \u00a0C\/ del Franco s\/n, Pol\u00edgono Industrial \u201cLas Atalayas\u201d, 03114 Alicante. Dati di registrazione: Registro del Commercio di Alicante, Volume 3478, foglio 47, pagina 103 A 414 [&hellip;]","og_url":"https:\/\/famosasofties.com\/it\/aviso-legal\/","og_site_name":"Softies IT","article_modified_time":"2021-12-03T09:44:30+00:00","twitter_card":"summary_large_image","twitter_misc":{"Tempo di lettura stimato":"4 minuti"},"schema":{"@context":"https:\/\/schema.org","@graph":[{"@type":"WebSite","@id":"https:\/\/famosasofties.com\/it\/#website","url":"https:\/\/famosasofties.com\/it\/","name":"Softies IT","description":"Otro sitio realizado con WordPress","potentialAction":[{"@type":"SearchAction","target":{"@type":"EntryPoint","urlTemplate":"https:\/\/famosasofties.com\/it\/?s={search_term_string}"},"query-input":"required name=search_term_string"}],"inLanguage":"it-IT"},{"@type":"WebPage","@id":"https:\/\/famosasofties.com\/it\/aviso-legal\/#webpage","url":"https:\/\/famosasofties.com\/it\/aviso-legal\/","name":"Avvertenze legali - Softies IT","isPartOf":{"@id":"https:\/\/famosasofties.com\/it\/#website"},"datePublished":"2021-11-23T18:21:23+00:00","dateModified":"2021-12-03T09:44:30+00:00","breadcrumb":{"@id":"https:\/\/famosasofties.com\/it\/aviso-legal\/#breadcrumb"},"inLanguage":"it-IT","potentialAction":[{"@type":"ReadAction","target":["https:\/\/famosasofties.com\/it\/aviso-legal\/"]}]},{"@type":"BreadcrumbList","@id":"https:\/\/famosasofties.com\/it\/aviso-legal\/#breadcrumb","itemListElement":[{"@type":"ListItem","position":1,"name":"Portada","item":"https:\/\/famosasofties.com\/it\/"},{"@type":"ListItem","position":2,"name":"Avvertenze legali"}]}]}},"_links":{"self":[{"href":"https:\/\/famosasofties.com\/it\/wp-json\/wp\/v2\/pages\/706"}],"collection":[{"href":"https:\/\/famosasofties.com\/it\/wp-json\/wp\/v2\/pages"}],"about":[{"href":"https:\/\/famosasofties.com\/it\/wp-json\/wp\/v2\/types\/page"}],"author":[{"embeddable":true,"href":"https:\/\/famosasofties.com\/it\/wp-json\/wp\/v2\/users\/1"}],"replies":[{"embeddable":true,"href":"https:\/\/famosasofties.com\/it\/wp-json\/wp\/v2\/comments?post=706"}],"version-history":[{"count":8,"href":"https:\/\/famosasofties.com\/it\/wp-json\/wp\/v2\/pages\/706\/revisions"}],"predecessor-version":[{"id":901,"href":"https:\/\/famosasofties.com\/it\/wp-json\/wp\/v2\/pages\/706\/revisions\/901"}],"wp:attachment":[{"href":"https:\/\/famosasofties.com\/it\/wp-json\/wp\/v2\/media?parent=706"}],"curies":[{"name":"wp","href":"https:\/\/api.w.org\/{rel}","templated":true}]}}