{"id":37,"date":"2021-08-06T08:23:01","date_gmt":"2021-08-06T08:23:01","guid":{"rendered":"https:\/\/famosasofties.com\/it\/?page_id=37"},"modified":"2021-12-09T12:01:42","modified_gmt":"2021-12-09T12:01:42","slug":"noi","status":"publish","type":"page","link":"https:\/\/famosasofties.com\/it\/noi\/","title":{"rendered":"Noi"},"content":{"rendered":"\t\t<div data-elementor-type=\"wp-page\" data-elementor-id=\"37\" class=\"elementor elementor-37\" data-elementor-settings=\"[]\">\n\t\t\t\t\t\t\t<div class=\"elementor-section-wrap\">\n\t\t\t\t\t\t\t<section class=\"elementor-section elementor-top-section elementor-element elementor-element-48dcb3c elementor-section-full_width elementor-section-height-min-height elementor-section-height-default elementor-section-items-middle\" data-id=\"48dcb3c\" data-element_type=\"section\" data-settings=\"{&quot;background_background&quot;:&quot;classic&quot;}\">\n\t\t\t\t\t\t<div class=\"elementor-container elementor-column-gap-default\">\n\t\t\t\t\t<div class=\"elementor-column elementor-col-100 elementor-top-column elementor-element elementor-element-bae0599\" data-id=\"bae0599\" data-element_type=\"column\">\n\t\t\t<div class=\"elementor-widget-wrap elementor-element-populated\">\n\t\t\t\t\t\t\t\t<div class=\"elementor-element elementor-element-dca6349 elementor-widget elementor-widget-heading\" data-id=\"dca6349\" data-element_type=\"widget\" data-widget_type=\"heading.default\">\n\t\t\t\t<div class=\"elementor-widget-container\">\n\t\t\t<h2 class=\"elementor-heading-title elementor-size-default\">Famosa Softies<\/h2>\t\t<\/div>\n\t\t\t\t<\/div>\n\t\t\t\t<div class=\"elementor-element elementor-element-2bc5e84 elementor-widget elementor-widget-text-editor\" data-id=\"2bc5e84\" data-element_type=\"widget\" data-widget_type=\"text-editor.default\">\n\t\t\t\t<div class=\"elementor-widget-container\">\n\t\t\t\t\t\t\t\t<div><span lang=\"IT\">Famosa Softies \u00e8 la divisione di peluche del Gruppo Giochi Preziosi. <\/span><\/div><div>\u00a0<\/div><div><span lang=\"IT\">Oltre 30 anni di esperienza ci consacrano come societ\u00e0 leader di settore<\/span><\/div>\t\t\t\t\t\t<\/div>\n\t\t\t\t<\/div>\n\t\t\t\t\t<\/div>\n\t\t<\/div>\n\t\t\t\t\t\t\t<\/div>\n\t\t<\/section>\n\t\t\t\t<section class=\"elementor-section elementor-top-section elementor-element elementor-element-d88bb11 elementor-section-boxed elementor-section-height-default elementor-section-height-default\" data-id=\"d88bb11\" data-element_type=\"section\">\n\t\t\t\t\t\t<div class=\"elementor-container elementor-column-gap-default\">\n\t\t\t\t\t<div class=\"elementor-column elementor-col-100 elementor-top-column elementor-element elementor-element-79a0778\" data-id=\"79a0778\" data-element_type=\"column\">\n\t\t\t<div class=\"elementor-widget-wrap elementor-element-populated\">\n\t\t\t\t\t\t\t\t<section class=\"elementor-section elementor-inner-section elementor-element elementor-element-b213ea2 elementor-section-boxed elementor-section-height-default elementor-section-height-default\" data-id=\"b213ea2\" data-element_type=\"section\">\n\t\t\t\t\t\t<div class=\"elementor-container elementor-column-gap-default\">\n\t\t\t\t\t<div class=\"elementor-column elementor-col-100 elementor-inner-column elementor-element elementor-element-8101ce9\" data-id=\"8101ce9\" data-element_type=\"column\">\n\t\t\t<div class=\"elementor-widget-wrap elementor-element-populated\">\n\t\t\t\t\t\t\t\t<div class=\"elementor-element elementor-element-c3b4c24 elementor-widget elementor-widget-heading\" data-id=\"c3b4c24\" data-element_type=\"widget\" data-widget_type=\"heading.default\">\n\t\t\t\t<div class=\"elementor-widget-container\">\n\t\t\t<h2 class=\"elementor-heading-title elementor-size-default\">I nostri valori<\/h2>\t\t<\/div>\n\t\t\t\t<\/div>\n\t\t\t\t\t<\/div>\n\t\t<\/div>\n\t\t\t\t\t\t\t<\/div>\n\t\t<\/section>\n\t\t\t\t\t<\/div>\n\t\t<\/div>\n\t\t\t\t\t\t\t<\/div>\n\t\t<\/section>\n\t\t\t\t<section class=\"elementor-section elementor-top-section elementor-element elementor-element-45d7e64 elementor-section-boxed elementor-section-height-default elementor-section-height-default\" data-id=\"45d7e64\" data-element_type=\"section\">\n\t\t\t\t\t\t<div class=\"elementor-container elementor-column-gap-default\">\n\t\t\t\t\t<div class=\"elementor-column elementor-col-100 elementor-top-column elementor-element elementor-element-03fd64b\" data-id=\"03fd64b\" data-element_type=\"column\">\n\t\t\t<div class=\"elementor-widget-wrap elementor-element-populated\">\n\t\t\t\t\t\t\t\t<section class=\"elementor-section elementor-inner-section elementor-element elementor-element-232c50c elementor-section-boxed elementor-section-height-default elementor-section-height-default\" data-id=\"232c50c\" data-element_type=\"section\">\n\t\t\t\t\t\t<div class=\"elementor-container elementor-column-gap-default\">\n\t\t\t\t\t<div class=\"elementor-column elementor-col-50 elementor-inner-column elementor-element elementor-element-ec52299\" data-id=\"ec52299\" data-element_type=\"column\">\n\t\t\t<div class=\"elementor-widget-wrap elementor-element-populated\">\n\t\t\t\t\t\t\t\t<div class=\"elementor-element elementor-element-df5dd37 elementor-widget elementor-widget-image\" data-id=\"df5dd37\" data-element_type=\"widget\" data-widget_type=\"image.default\">\n\t\t\t\t<div class=\"elementor-widget-container\">\n\t\t\t\t\t\t\t\t\t\t\t\t\t\t\t<img loading=\"lazy\" decoding=\"async\" width=\"52\" height=\"43\" src=\"https:\/\/famosasofties.com\/it\/wp-content\/uploads\/sites\/2\/2021\/08\/avion.png\" class=\"attachment-large size-large\" alt=\"\" \/>\t\t\t\t\t\t\t\t\t\t\t\t\t\t\t<\/div>\n\t\t\t\t<\/div>\n\t\t\t\t<div class=\"elementor-element elementor-element-5ae3202 elementor-widget elementor-widget-heading\" data-id=\"5ae3202\" data-element_type=\"widget\" data-widget_type=\"heading.default\">\n\t\t\t\t<div class=\"elementor-widget-container\">\n\t\t\t<h2 class=\"elementor-heading-title elementor-size-default\">Responsabilit\u00e0 ambientale<\/h2>\t\t<\/div>\n\t\t\t\t<\/div>\n\t\t\t\t<div class=\"elementor-element elementor-element-2c2a869 elementor-widget elementor-widget-text-editor\" data-id=\"2c2a869\" data-element_type=\"widget\" data-widget_type=\"text-editor.default\">\n\t\t\t\t<div class=\"elementor-widget-container\">\n\t\t\t\t\t\t\t\t<p>Una delle nostre principali ambizioni \u00e8 ridurre al minimo l&#8217;impatto ambientale delle nostre attivit\u00e0, per cui effettuiamo costanti ricerche e puntiamo su linee fabbricate al 100% a partire da materiali e processi sostenibili. Al giorno d&#8217;oggi, il 75% della nostra collezione \u00e8 fabbricata con materiali riciclati.<\/p>\t\t\t\t\t\t<\/div>\n\t\t\t\t<\/div>\n\t\t\t\t<div class=\"elementor-element elementor-element-4bcad16 elementor-widget elementor-widget-image\" data-id=\"4bcad16\" data-element_type=\"widget\" data-widget_type=\"image.default\">\n\t\t\t\t<div class=\"elementor-widget-container\">\n\t\t\t\t\t\t\t\t\t\t\t\t\t\t\t<img loading=\"lazy\" decoding=\"async\" width=\"50\" height=\"45\" src=\"https:\/\/famosasofties.com\/it\/wp-content\/uploads\/sites\/2\/2021\/08\/TIENDA.png\" class=\"attachment-large size-large\" alt=\"\" \/>\t\t\t\t\t\t\t\t\t\t\t\t\t\t\t<\/div>\n\t\t\t\t<\/div>\n\t\t\t\t<div class=\"elementor-element elementor-element-f3fb58a elementor-widget elementor-widget-heading\" data-id=\"f3fb58a\" data-element_type=\"widget\" data-widget_type=\"heading.default\">\n\t\t\t\t<div class=\"elementor-widget-container\">\n\t\t\t<h2 class=\"elementor-heading-title elementor-size-default\">Dinamismo \ne adattabilit\u00e0<\/h2>\t\t<\/div>\n\t\t\t\t<\/div>\n\t\t\t\t<div class=\"elementor-element elementor-element-797b548 elementor-widget elementor-widget-text-editor\" data-id=\"797b548\" data-element_type=\"widget\" data-widget_type=\"text-editor.default\">\n\t\t\t\t<div class=\"elementor-widget-container\">\n\t\t\t\t\t\t\t\t<div><span lang=\"IT\">L&#8217;ambiente che ci circonda \u00e8 tanto mutevole quanto noi stessi, per cui effettuiamo costanti ricerche sulle tendenze di mercato, per ottenere le ultime novit\u00e0 in termini di propriet\u00e0, materiali e design<\/span><\/div>\t\t\t\t\t\t<\/div>\n\t\t\t\t<\/div>\n\t\t\t\t\t<\/div>\n\t\t<\/div>\n\t\t\t\t<div class=\"elementor-column elementor-col-50 elementor-inner-column elementor-element elementor-element-9285278\" data-id=\"9285278\" data-element_type=\"column\">\n\t\t\t<div class=\"elementor-widget-wrap elementor-element-populated\">\n\t\t\t\t\t\t\t\t<div class=\"elementor-element elementor-element-aae660f elementor-widget elementor-widget-image\" data-id=\"aae660f\" data-element_type=\"widget\" data-widget_type=\"image.default\">\n\t\t\t\t<div class=\"elementor-widget-container\">\n\t\t\t\t\t\t\t\t\t\t\t\t\t\t\t<img loading=\"lazy\" decoding=\"async\" width=\"40\" height=\"66\" src=\"https:\/\/famosasofties.com\/it\/wp-content\/uploads\/sites\/2\/2021\/08\/RAYO.png\" class=\"attachment-large size-large\" alt=\"\" \/>\t\t\t\t\t\t\t\t\t\t\t\t\t\t\t<\/div>\n\t\t\t\t<\/div>\n\t\t\t\t<div class=\"elementor-element elementor-element-c5aa55f elementor-widget elementor-widget-heading\" data-id=\"c5aa55f\" data-element_type=\"widget\" data-widget_type=\"heading.default\">\n\t\t\t\t<div class=\"elementor-widget-container\">\n\t\t\t<h2 class=\"elementor-heading-title elementor-size-default\">Imaginazione<\/h2>\t\t<\/div>\n\t\t\t\t<\/div>\n\t\t\t\t<div class=\"elementor-element elementor-element-eb25990 elementor-widget elementor-widget-text-editor\" data-id=\"eb25990\" data-element_type=\"widget\" data-widget_type=\"text-editor.default\">\n\t\t\t\t<div class=\"elementor-widget-container\">\n\t\t\t\t\t\t\t\t<div><span lang=\"IT\">La creativit\u00e0 e l&#8217;innovazione sono i nostri strumenti di lavoro principali, con l&#8217;obiettivo di trovare il peluche capace di far sognare ogni bambino.\u00a0 <\/span><\/div>\t\t\t\t\t\t<\/div>\n\t\t\t\t<\/div>\n\t\t\t\t<div class=\"elementor-element elementor-element-366f5e3 elementor-widget elementor-widget-image\" data-id=\"366f5e3\" data-element_type=\"widget\" data-widget_type=\"image.default\">\n\t\t\t\t<div class=\"elementor-widget-container\">\n\t\t\t\t\t\t\t\t\t\t\t\t\t\t\t<img loading=\"lazy\" decoding=\"async\" width=\"65\" height=\"36\" src=\"https:\/\/famosasofties.com\/it\/wp-content\/uploads\/sites\/2\/2021\/08\/FLECHA.png\" class=\"attachment-large size-large\" alt=\"\" \/>\t\t\t\t\t\t\t\t\t\t\t\t\t\t\t<\/div>\n\t\t\t\t<\/div>\n\t\t\t\t<div class=\"elementor-element elementor-element-dae4f80 elementor-widget elementor-widget-heading\" data-id=\"dae4f80\" data-element_type=\"widget\" data-widget_type=\"heading.default\">\n\t\t\t\t<div class=\"elementor-widget-container\">\n\t\t\t<h2 class=\"elementor-heading-title elementor-size-default\">Passione<\/h2>\t\t<\/div>\n\t\t\t\t<\/div>\n\t\t\t\t<div class=\"elementor-element elementor-element-e39cc81 elementor-widget elementor-widget-text-editor\" data-id=\"e39cc81\" data-element_type=\"widget\" data-widget_type=\"text-editor.default\">\n\t\t\t\t<div class=\"elementor-widget-container\">\n\t\t\t\t\t\t\t\t<div><span lang=\"IT\">Siamo appassionati dello sviluppo di prodotti per il divertimento dei pi\u00f9 piccoli e questa energia si riflette in tutti i nostri progetti.\u00a0 <\/span><\/div>\t\t\t\t\t\t<\/div>\n\t\t\t\t<\/div>\n\t\t\t\t<div class=\"elementor-element elementor-element-7f08c00 elementor-widget elementor-widget-image\" data-id=\"7f08c00\" data-element_type=\"widget\" data-widget_type=\"image.default\">\n\t\t\t\t<div class=\"elementor-widget-container\">\n\t\t\t\t\t\t\t\t\t\t\t\t\t\t\t<img loading=\"lazy\" decoding=\"async\" width=\"48\" height=\"46\" src=\"https:\/\/famosasofties.com\/it\/wp-content\/uploads\/sites\/2\/2021\/08\/ESTRELLA.png\" class=\"attachment-large size-large\" alt=\"\" \/>\t\t\t\t\t\t\t\t\t\t\t\t\t\t\t<\/div>\n\t\t\t\t<\/div>\n\t\t\t\t<div class=\"elementor-element elementor-element-913b089 elementor-widget elementor-widget-heading\" data-id=\"913b089\" data-element_type=\"widget\" data-widget_type=\"heading.default\">\n\t\t\t\t<div class=\"elementor-widget-container\">\n\t\t\t<h2 class=\"elementor-heading-title elementor-size-default\">Competitivit\u00e0 \ne qualit\u00e0<\/h2>\t\t<\/div>\n\t\t\t\t<\/div>\n\t\t\t\t<div class=\"elementor-element elementor-element-31fe46e elementor-widget elementor-widget-text-editor\" data-id=\"31fe46e\" data-element_type=\"widget\" data-widget_type=\"text-editor.default\">\n\t\t\t\t<div class=\"elementor-widget-container\">\n\t\t\t\t\t\t\t\t<div><span lang=\"IT\">Ci concentriamo sulla soddisfazione dei nostri clienti, per cui conseguire la massima qualit\u00e0 dei materiali, a un costo minimo e con la maggiore flessibilit\u00e0 nei tempi di consegna \u00e8 la chiave del nostro business. <\/span><\/div><p>\u00a0<\/p>\t\t\t\t\t\t<\/div>\n\t\t\t\t<\/div>\n\t\t\t\t\t<\/div>\n\t\t<\/div>\n\t\t\t\t\t\t\t<\/div>\n\t\t<\/section>\n\t\t\t\t<section class=\"elementor-section elementor-inner-section elementor-element elementor-element-d14c9a0 elementor-section-boxed elementor-section-height-default elementor-section-height-default\" data-id=\"d14c9a0\" data-element_type=\"section\">\n\t\t\t\t\t\t<div class=\"elementor-container elementor-column-gap-default\">\n\t\t\t\t\t<div class=\"elementor-column elementor-col-100 elementor-inner-column elementor-element elementor-element-2a54d7f\" data-id=\"2a54d7f\" data-element_type=\"column\">\n\t\t\t<div class=\"elementor-widget-wrap elementor-element-populated\">\n\t\t\t\t\t\t\t\t<div class=\"elementor-element elementor-element-6b34a85 elementor-widget elementor-widget-image\" data-id=\"6b34a85\" data-element_type=\"widget\" data-widget_type=\"image.default\">\n\t\t\t\t<div class=\"elementor-widget-container\">\n\t\t\t\t\t\t\t\t\t\t\t\t\t\t\t<img loading=\"lazy\" decoding=\"async\" width=\"246\" height=\"180\" src=\"https:\/\/famosasofties.com\/it\/wp-content\/uploads\/sites\/2\/2021\/08\/circulos-adhoc.png\" class=\"attachment-full size-full\" alt=\"\" \/>\t\t\t\t\t\t\t\t\t\t\t\t\t\t\t<\/div>\n\t\t\t\t<\/div>\n\t\t\t\t<div class=\"elementor-element elementor-element-969511c elementor-widget elementor-widget-heading\" data-id=\"969511c\" data-element_type=\"widget\" data-widget_type=\"heading.default\">\n\t\t\t\t<div class=\"elementor-widget-container\">\n\t\t\t<h2 class=\"elementor-heading-title elementor-size-default\">La nostra storia<\/h2>\t\t<\/div>\n\t\t\t\t<\/div>\n\t\t\t\t\t<\/div>\n\t\t<\/div>\n\t\t\t\t\t\t\t<\/div>\n\t\t<\/section>\n\t\t\t\t\t<\/div>\n\t\t<\/div>\n\t\t\t\t\t\t\t<\/div>\n\t\t<\/section>\n\t\t\t\t\t\t<\/div>\n\t\t\t\t\t<\/div>\n\t\t","protected":false},"excerpt":{"rendered":"<p>Famosa Softies Famosa Softies \u00e8 la divisione di peluche del Gruppo Giochi Preziosi. &nbsp;Oltre 30 anni di esperienza ci consacrano come societ\u00e0 leader di settore I nostri valori Responsabilit\u00e0 ambientale Una delle nostre principali ambizioni \u00e8 ridurre al minimo l&#8217;impatto ambientale delle nostre attivit\u00e0, per cui effettuiamo costanti ricerche e puntiamo su linee fabbricate al [&hellip;]<\/p>\n","protected":false},"author":1,"featured_media":0,"parent":0,"menu_order":35,"comment_status":"closed","ping_status":"closed","template":"page-nosotros.php","meta":{"footnotes":""},"class_list":["post-37","page","type-page","status-publish","hentry"],"acf":[],"yoast_head":"<!-- This site is optimized with the Yoast SEO plugin v16.9 - https:\/\/yoast.com\/wordpress\/plugins\/seo\/ -->\n<title>Noi - Softies IT<\/title>\n<meta name=\"description\" content=\"Famosa Softies \u00e8 la divisione di peluche del Gruppo Giochi Preziosi. Oltre 30 anni di esperienza ci consacrano come societ\u00e0 leader di settore.\" \/>\n<meta name=\"robots\" content=\"index, follow, max-snippet:-1, max-image-preview:large, max-video-preview:-1\" \/>\n<link rel=\"canonical\" href=\"https:\/\/famosasofties.com\/it\/noi\/\" \/>\n<meta property=\"og:locale\" content=\"it_IT\" \/>\n<meta property=\"og:type\" content=\"article\" \/>\n<meta property=\"og:title\" content=\"Noi - Softies IT\" \/>\n<meta property=\"og:description\" content=\"Famosa Softies \u00e8 la divisione di peluche del Gruppo Giochi Preziosi. Oltre 30 anni di esperienza ci consacrano come societ\u00e0 leader di settore.\" \/>\n<meta property=\"og:url\" content=\"https:\/\/famosasofties.com\/it\/noi\/\" \/>\n<meta property=\"og:site_name\" content=\"Softies IT\" \/>\n<meta property=\"article:modified_time\" content=\"2021-12-09T12:01:42+00:00\" \/>\n<meta property=\"og:image\" content=\"https:\/\/famosasofties.com\/it\/wp-content\/uploads\/sites\/2\/2021\/08\/avion.png\" \/>\n<meta name=\"twitter:card\" content=\"summary_large_image\" \/>\n<meta name=\"twitter:label1\" content=\"Tempo di lettura stimato\" \/>\n\t<meta name=\"twitter:data1\" content=\"3 minuti\" \/>\n<script type=\"application\/ld+json\" class=\"yoast-schema-graph\">{\"@context\":\"https:\/\/schema.org\",\"@graph\":[{\"@type\":\"WebSite\",\"@id\":\"https:\/\/famosasofties.com\/it\/#website\",\"url\":\"https:\/\/famosasofties.com\/it\/\",\"name\":\"Softies IT\",\"description\":\"Otro sitio realizado con WordPress\",\"potentialAction\":[{\"@type\":\"SearchAction\",\"target\":{\"@type\":\"EntryPoint\",\"urlTemplate\":\"https:\/\/famosasofties.com\/it\/?s={search_term_string}\"},\"query-input\":\"required name=search_term_string\"}],\"inLanguage\":\"it-IT\"},{\"@type\":\"ImageObject\",\"@id\":\"https:\/\/famosasofties.com\/it\/noi\/#primaryimage\",\"inLanguage\":\"it-IT\",\"url\":\"https:\/\/famosasofties.com\/it\/wp-content\/uploads\/sites\/2\/2021\/08\/avion.png\",\"contentUrl\":\"https:\/\/famosasofties.com\/it\/wp-content\/uploads\/sites\/2\/2021\/08\/avion.png\",\"width\":52,\"height\":43},{\"@type\":\"WebPage\",\"@id\":\"https:\/\/famosasofties.com\/it\/noi\/#webpage\",\"url\":\"https:\/\/famosasofties.com\/it\/noi\/\",\"name\":\"Noi - Softies IT\",\"isPartOf\":{\"@id\":\"https:\/\/famosasofties.com\/it\/#website\"},\"primaryImageOfPage\":{\"@id\":\"https:\/\/famosasofties.com\/it\/noi\/#primaryimage\"},\"datePublished\":\"2021-08-06T08:23:01+00:00\",\"dateModified\":\"2021-12-09T12:01:42+00:00\",\"description\":\"Famosa Softies \\u00e8 la divisione di peluche del Gruppo Giochi Preziosi. Oltre 30 anni di esperienza ci consacrano come societ\\u00e0 leader di settore.\",\"breadcrumb\":{\"@id\":\"https:\/\/famosasofties.com\/it\/noi\/#breadcrumb\"},\"inLanguage\":\"it-IT\",\"potentialAction\":[{\"@type\":\"ReadAction\",\"target\":[\"https:\/\/famosasofties.com\/it\/noi\/\"]}]},{\"@type\":\"BreadcrumbList\",\"@id\":\"https:\/\/famosasofties.com\/it\/noi\/#breadcrumb\",\"itemListElement\":[{\"@type\":\"ListItem\",\"position\":1,\"name\":\"Portada\",\"item\":\"https:\/\/famosasofties.com\/it\/\"},{\"@type\":\"ListItem\",\"position\":2,\"name\":\"Noi\"}]}]}<\/script>\n<!-- \/ Yoast SEO plugin. -->","yoast_head_json":{"title":"Noi - Softies IT","description":"Famosa Softies \u00e8 la divisione di peluche del Gruppo Giochi Preziosi. Oltre 30 anni di esperienza ci consacrano come societ\u00e0 leader di settore.","robots":{"index":"index","follow":"follow","max-snippet":"max-snippet:-1","max-image-preview":"max-image-preview:large","max-video-preview":"max-video-preview:-1"},"canonical":"https:\/\/famosasofties.com\/it\/noi\/","og_locale":"it_IT","og_type":"article","og_title":"Noi - Softies IT","og_description":"Famosa Softies \u00e8 la divisione di peluche del Gruppo Giochi Preziosi. Oltre 30 anni di esperienza ci consacrano come societ\u00e0 leader di settore.","og_url":"https:\/\/famosasofties.com\/it\/noi\/","og_site_name":"Softies IT","article_modified_time":"2021-12-09T12:01:42+00:00","og_image":[{"url":"https:\/\/famosasofties.com\/it\/wp-content\/uploads\/sites\/2\/2021\/08\/avion.png"}],"twitter_card":"summary_large_image","twitter_misc":{"Tempo di lettura stimato":"3 minuti"},"schema":{"@context":"https:\/\/schema.org","@graph":[{"@type":"WebSite","@id":"https:\/\/famosasofties.com\/it\/#website","url":"https:\/\/famosasofties.com\/it\/","name":"Softies IT","description":"Otro sitio realizado con WordPress","potentialAction":[{"@type":"SearchAction","target":{"@type":"EntryPoint","urlTemplate":"https:\/\/famosasofties.com\/it\/?s={search_term_string}"},"query-input":"required name=search_term_string"}],"inLanguage":"it-IT"},{"@type":"ImageObject","@id":"https:\/\/famosasofties.com\/it\/noi\/#primaryimage","inLanguage":"it-IT","url":"https:\/\/famosasofties.com\/it\/wp-content\/uploads\/sites\/2\/2021\/08\/avion.png","contentUrl":"https:\/\/famosasofties.com\/it\/wp-content\/uploads\/sites\/2\/2021\/08\/avion.png","width":52,"height":43},{"@type":"WebPage","@id":"https:\/\/famosasofties.com\/it\/noi\/#webpage","url":"https:\/\/famosasofties.com\/it\/noi\/","name":"Noi - Softies IT","isPartOf":{"@id":"https:\/\/famosasofties.com\/it\/#website"},"primaryImageOfPage":{"@id":"https:\/\/famosasofties.com\/it\/noi\/#primaryimage"},"datePublished":"2021-08-06T08:23:01+00:00","dateModified":"2021-12-09T12:01:42+00:00","description":"Famosa Softies \u00e8 la divisione di peluche del Gruppo Giochi Preziosi. Oltre 30 anni di esperienza ci consacrano come societ\u00e0 leader di settore.","breadcrumb":{"@id":"https:\/\/famosasofties.com\/it\/noi\/#breadcrumb"},"inLanguage":"it-IT","potentialAction":[{"@type":"ReadAction","target":["https:\/\/famosasofties.com\/it\/noi\/"]}]},{"@type":"BreadcrumbList","@id":"https:\/\/famosasofties.com\/it\/noi\/#breadcrumb","itemListElement":[{"@type":"ListItem","position":1,"name":"Portada","item":"https:\/\/famosasofties.com\/it\/"},{"@type":"ListItem","position":2,"name":"Noi"}]}]}},"_links":{"self":[{"href":"https:\/\/famosasofties.com\/it\/wp-json\/wp\/v2\/pages\/37"}],"collection":[{"href":"https:\/\/famosasofties.com\/it\/wp-json\/wp\/v2\/pages"}],"about":[{"href":"https:\/\/famosasofties.com\/it\/wp-json\/wp\/v2\/types\/page"}],"author":[{"embeddable":true,"href":"https:\/\/famosasofties.com\/it\/wp-json\/wp\/v2\/users\/1"}],"replies":[{"embeddable":true,"href":"https:\/\/famosasofties.com\/it\/wp-json\/wp\/v2\/comments?post=37"}],"version-history":[{"count":56,"href":"https:\/\/famosasofties.com\/it\/wp-json\/wp\/v2\/pages\/37\/revisions"}],"predecessor-version":[{"id":923,"href":"https:\/\/famosasofties.com\/it\/wp-json\/wp\/v2\/pages\/37\/revisions\/923"}],"wp:attachment":[{"href":"https:\/\/famosasofties.com\/it\/wp-json\/wp\/v2\/media?parent=37"}],"curies":[{"name":"wp","href":"https:\/\/api.w.org\/{rel}","templated":true}]}}