{"id":355,"date":"2021-10-11T07:54:00","date_gmt":"2021-10-11T07:54:00","guid":{"rendered":"https:\/\/famosasofties.com\/it\/?page_id=355"},"modified":"2021-12-01T12:01:45","modified_gmt":"2021-12-01T12:01:45","slug":"mini-sleepy","status":"publish","type":"page","link":"https:\/\/famosasofties.com\/it\/mini-sleepy\/","title":{"rendered":"Mini Sleepy"},"content":{"rendered":"\t\t<div data-elementor-type=\"wp-page\" data-elementor-id=\"355\" class=\"elementor elementor-355\" data-elementor-settings=\"[]\">\n\t\t\t\t\t\t\t<div class=\"elementor-section-wrap\">\n\t\t\t\t\t\t\t<section class=\"elementor-section elementor-top-section elementor-element elementor-element-3a142a1 elementor-section-boxed elementor-section-height-default elementor-section-height-default\" data-id=\"3a142a1\" data-element_type=\"section\">\n\t\t\t\t\t\t<div class=\"elementor-container elementor-column-gap-default\">\n\t\t\t\t\t<div class=\"elementor-column elementor-col-100 elementor-top-column elementor-element elementor-element-2f802ea6\" data-id=\"2f802ea6\" data-element_type=\"column\">\n\t\t\t<div class=\"elementor-widget-wrap elementor-element-populated\">\n\t\t\t\t\t\t\t\t<div class=\"elementor-element elementor-element-18c1d17b elementor-widget elementor-widget-text-editor\" data-id=\"18c1d17b\" data-element_type=\"widget\" data-widget_type=\"text-editor.default\">\n\t\t\t\t<div class=\"elementor-widget-container\">\n\t\t\t\t\t\t\t\t<p>I Mini Sleepy sono i cucciolotti di peluche pi\u00f9 piccoli, adorabili e dormiglioni. Sono tanto piccini da stare sul palmo di una mano e perfettamente a loro agio, tanto da dormire sempre per tutto il giorno. Hanno la loro culla, cos\u00ec puoi portarli con te ovunque tu vada. Puoi mettere e togliere il pannolino. Sono in cerca di tanto calore e affetto.<\/p>\t\t\t\t\t\t<\/div>\n\t\t\t\t<\/div>\n\t\t\t\t\t<\/div>\n\t\t<\/div>\n\t\t\t\t\t\t\t<\/div>\n\t\t<\/section>\n\t\t\t\t\t\t<\/div>\n\t\t\t\t\t<\/div>\n\t\t","protected":false},"excerpt":{"rendered":"<p>I Mini Sleepy sono i cucciolotti di peluche pi\u00f9 piccoli, adorabili e dormiglioni. Sono tanto piccini da stare sul palmo di una mano e perfettamente a loro agio, tanto da dormire sempre per tutto il giorno. Hanno la loro culla, cos\u00ec puoi portarli con te ovunque tu vada. Puoi mettere e togliere il pannolino. Sono [&hellip;]<\/p>\n","protected":false},"author":1,"featured_media":0,"parent":0,"menu_order":12,"comment_status":"closed","ping_status":"closed","template":"page-marca.php","meta":{"footnotes":""},"class_list":["post-355","page","type-page","status-publish","hentry"],"acf":[],"yoast_head":"<!-- This site is optimized with the Yoast SEO plugin v16.9 - https:\/\/yoast.com\/wordpress\/plugins\/seo\/ -->\n<title>Mini Sleepy - Softies IT<\/title>\n<meta name=\"description\" content=\"Los Mini Sleepy son los cachorritos de peluche m\u00e1s mini, m\u00e1s cute y m\u00e1s dormilones. Vienen dentro de su capazo para que puedas llevarlos a todas partes.\" \/>\n<meta name=\"robots\" content=\"index, follow, max-snippet:-1, max-image-preview:large, max-video-preview:-1\" \/>\n<link rel=\"canonical\" href=\"https:\/\/famosasofties.com\/it\/mini-sleepy\/\" \/>\n<meta property=\"og:locale\" content=\"it_IT\" \/>\n<meta property=\"og:type\" content=\"article\" \/>\n<meta property=\"og:title\" content=\"Mini Sleepy - Softies IT\" \/>\n<meta property=\"og:description\" content=\"Los Mini Sleepy son los cachorritos de peluche m\u00e1s mini, m\u00e1s cute y m\u00e1s dormilones. Vienen dentro de su capazo para que puedas llevarlos a todas partes.\" \/>\n<meta property=\"og:url\" content=\"https:\/\/famosasofties.com\/it\/mini-sleepy\/\" \/>\n<meta property=\"og:site_name\" content=\"Softies IT\" \/>\n<meta property=\"article:modified_time\" content=\"2021-12-01T12:01:45+00:00\" \/>\n<meta name=\"twitter:card\" content=\"summary_large_image\" \/>\n<meta name=\"twitter:label1\" content=\"Tempo di lettura stimato\" \/>\n\t<meta name=\"twitter:data1\" content=\"1 minuto\" \/>\n<script type=\"application\/ld+json\" class=\"yoast-schema-graph\">{\"@context\":\"https:\/\/schema.org\",\"@graph\":[{\"@type\":\"WebSite\",\"@id\":\"https:\/\/famosasofties.com\/it\/#website\",\"url\":\"https:\/\/famosasofties.com\/it\/\",\"name\":\"Softies IT\",\"description\":\"Otro sitio realizado con WordPress\",\"potentialAction\":[{\"@type\":\"SearchAction\",\"target\":{\"@type\":\"EntryPoint\",\"urlTemplate\":\"https:\/\/famosasofties.com\/it\/?s={search_term_string}\"},\"query-input\":\"required name=search_term_string\"}],\"inLanguage\":\"it-IT\"},{\"@type\":\"WebPage\",\"@id\":\"https:\/\/famosasofties.com\/it\/mini-sleepy\/#webpage\",\"url\":\"https:\/\/famosasofties.com\/it\/mini-sleepy\/\",\"name\":\"Mini Sleepy - Softies IT\",\"isPartOf\":{\"@id\":\"https:\/\/famosasofties.com\/it\/#website\"},\"datePublished\":\"2021-10-11T07:54:00+00:00\",\"dateModified\":\"2021-12-01T12:01:45+00:00\",\"description\":\"Los Mini Sleepy son los cachorritos de peluche m\\u00e1s mini, m\\u00e1s cute y m\\u00e1s dormilones. Vienen dentro de su capazo para que puedas llevarlos a todas partes.\",\"breadcrumb\":{\"@id\":\"https:\/\/famosasofties.com\/it\/mini-sleepy\/#breadcrumb\"},\"inLanguage\":\"it-IT\",\"potentialAction\":[{\"@type\":\"ReadAction\",\"target\":[\"https:\/\/famosasofties.com\/it\/mini-sleepy\/\"]}]},{\"@type\":\"BreadcrumbList\",\"@id\":\"https:\/\/famosasofties.com\/it\/mini-sleepy\/#breadcrumb\",\"itemListElement\":[{\"@type\":\"ListItem\",\"position\":1,\"name\":\"Portada\",\"item\":\"https:\/\/famosasofties.com\/it\/\"},{\"@type\":\"ListItem\",\"position\":2,\"name\":\"Mini Sleepy\"}]}]}<\/script>\n<!-- \/ Yoast SEO plugin. -->","yoast_head_json":{"title":"Mini Sleepy - Softies IT","description":"Los Mini Sleepy son los cachorritos de peluche m\u00e1s mini, m\u00e1s cute y m\u00e1s dormilones. Vienen dentro de su capazo para que puedas llevarlos a todas partes.","robots":{"index":"index","follow":"follow","max-snippet":"max-snippet:-1","max-image-preview":"max-image-preview:large","max-video-preview":"max-video-preview:-1"},"canonical":"https:\/\/famosasofties.com\/it\/mini-sleepy\/","og_locale":"it_IT","og_type":"article","og_title":"Mini Sleepy - Softies IT","og_description":"Los Mini Sleepy son los cachorritos de peluche m\u00e1s mini, m\u00e1s cute y m\u00e1s dormilones. Vienen dentro de su capazo para que puedas llevarlos a todas partes.","og_url":"https:\/\/famosasofties.com\/it\/mini-sleepy\/","og_site_name":"Softies IT","article_modified_time":"2021-12-01T12:01:45+00:00","twitter_card":"summary_large_image","twitter_misc":{"Tempo di lettura stimato":"1 minuto"},"schema":{"@context":"https:\/\/schema.org","@graph":[{"@type":"WebSite","@id":"https:\/\/famosasofties.com\/it\/#website","url":"https:\/\/famosasofties.com\/it\/","name":"Softies IT","description":"Otro sitio realizado con WordPress","potentialAction":[{"@type":"SearchAction","target":{"@type":"EntryPoint","urlTemplate":"https:\/\/famosasofties.com\/it\/?s={search_term_string}"},"query-input":"required name=search_term_string"}],"inLanguage":"it-IT"},{"@type":"WebPage","@id":"https:\/\/famosasofties.com\/it\/mini-sleepy\/#webpage","url":"https:\/\/famosasofties.com\/it\/mini-sleepy\/","name":"Mini Sleepy - Softies IT","isPartOf":{"@id":"https:\/\/famosasofties.com\/it\/#website"},"datePublished":"2021-10-11T07:54:00+00:00","dateModified":"2021-12-01T12:01:45+00:00","description":"Los Mini Sleepy son los cachorritos de peluche m\u00e1s mini, m\u00e1s cute y m\u00e1s dormilones. Vienen dentro de su capazo para que puedas llevarlos a todas partes.","breadcrumb":{"@id":"https:\/\/famosasofties.com\/it\/mini-sleepy\/#breadcrumb"},"inLanguage":"it-IT","potentialAction":[{"@type":"ReadAction","target":["https:\/\/famosasofties.com\/it\/mini-sleepy\/"]}]},{"@type":"BreadcrumbList","@id":"https:\/\/famosasofties.com\/it\/mini-sleepy\/#breadcrumb","itemListElement":[{"@type":"ListItem","position":1,"name":"Portada","item":"https:\/\/famosasofties.com\/it\/"},{"@type":"ListItem","position":2,"name":"Mini Sleepy"}]}]}},"_links":{"self":[{"href":"https:\/\/famosasofties.com\/it\/wp-json\/wp\/v2\/pages\/355"}],"collection":[{"href":"https:\/\/famosasofties.com\/it\/wp-json\/wp\/v2\/pages"}],"about":[{"href":"https:\/\/famosasofties.com\/it\/wp-json\/wp\/v2\/types\/page"}],"author":[{"embeddable":true,"href":"https:\/\/famosasofties.com\/it\/wp-json\/wp\/v2\/users\/1"}],"replies":[{"embeddable":true,"href":"https:\/\/famosasofties.com\/it\/wp-json\/wp\/v2\/comments?post=355"}],"version-history":[{"count":13,"href":"https:\/\/famosasofties.com\/it\/wp-json\/wp\/v2\/pages\/355\/revisions"}],"predecessor-version":[{"id":803,"href":"https:\/\/famosasofties.com\/it\/wp-json\/wp\/v2\/pages\/355\/revisions\/803"}],"wp:attachment":[{"href":"https:\/\/famosasofties.com\/it\/wp-json\/wp\/v2\/media?parent=355"}],"curies":[{"name":"wp","href":"https:\/\/api.w.org\/{rel}","templated":true}]}}