{"id":29,"date":"2021-08-04T15:10:57","date_gmt":"2021-08-04T15:10:57","guid":{"rendered":"https:\/\/famosasofties.com\/it\/?page_id=29"},"modified":"2022-02-02T12:42:24","modified_gmt":"2022-02-02T12:42:24","slug":"were-famosa-softies","status":"publish","type":"page","link":"https:\/\/famosasofties.com\/it\/","title":{"rendered":"Famosa Softies"},"content":{"rendered":"\t\t<div data-elementor-type=\"wp-page\" data-elementor-id=\"29\" class=\"elementor elementor-29\" data-elementor-settings=\"[]\">\n\t\t\t\t\t\t\t<div class=\"elementor-section-wrap\">\n\t\t\t\t\t\t\t<section class=\"elementor-section elementor-top-section elementor-element elementor-element-6d113655 elementor-section-boxed elementor-section-height-default elementor-section-height-default\" data-id=\"6d113655\" data-element_type=\"section\">\n\t\t\t\t\t\t<div class=\"elementor-container elementor-column-gap-default\">\n\t\t\t\t\t<div class=\"elementor-column elementor-col-100 elementor-top-column elementor-element elementor-element-472178e6\" data-id=\"472178e6\" data-element_type=\"column\">\n\t\t\t<div class=\"elementor-widget-wrap elementor-element-populated\">\n\t\t\t\t\t\t\t\t<div class=\"elementor-element elementor-element-4af7d36b elementor-widget elementor-widget-text-editor\" data-id=\"4af7d36b\" data-element_type=\"widget\" data-widget_type=\"text-editor.default\">\n\t\t\t\t<div class=\"elementor-widget-container\">\n\t\t\t\t\t\t\t\t<div>\n<p><span lang=\"IT\">In Famosa Softies, trasformiamo sogni, eroi e disegni in peluche. Siamo la divisione di peluche del Gruppo Giochi Preziosi, societ\u00e0 leader nel settore dei giocattoli. Abbiamo alle spalle un&#8217;esperienza trentennale nel dare vita al lato pi\u00f9 tenero dei giocattoli, cercando sempre le ultime tendenze per offrire il peluche dei sogni ai pi\u00f9 piccoli&#8230; e non solo a loro!<\/span><\/p>\n<\/div>\n<div>\n<p><span lang=\"IT\">Il nostro catalogo contiene un&#8217;offerta bilanciata delle licenze di marchio pi\u00f9 attuali del momento, linee classiche con design estremamente curati, peluche che prendono vita e offrono un valore di gioco aggiuntivo ai bambini e progetti speciali per i clienti.<\/span><\/p>\n<\/div>\t\t\t\t\t\t<\/div>\n\t\t\t\t<\/div>\n\t\t\t\t\t<\/div>\n\t\t<\/div>\n\t\t\t\t\t\t\t<\/div>\n\t\t<\/section>\n\t\t\t\t\t\t<\/div>\n\t\t\t\t\t<\/div>\n\t\t","protected":false},"excerpt":{"rendered":"<p>In Famosa Softies, trasformiamo sogni, eroi e disegni in peluche. Siamo la divisione di peluche del Gruppo Giochi Preziosi, societ\u00e0 leader nel settore dei giocattoli. Abbiamo alle spalle un&#8217;esperienza trentennale nel dare vita al lato pi\u00f9 tenero dei giocattoli, cercando sempre le ultime tendenze per offrire il peluche dei sogni ai pi\u00f9 piccoli&#8230; e non [&hellip;]<\/p>\n","protected":false},"author":1,"featured_media":0,"parent":0,"menu_order":36,"comment_status":"closed","ping_status":"closed","template":"page-home.php","meta":{"footnotes":""},"class_list":["post-29","page","type-page","status-publish","hentry"],"acf":[],"yoast_head":"<!-- This site is optimized with the Yoast SEO plugin v16.9 - https:\/\/yoast.com\/wordpress\/plugins\/seo\/ -->\n<title>Famosa Softies - Softies IT<\/title>\n<meta name=\"robots\" content=\"index, follow, max-snippet:-1, max-image-preview:large, max-video-preview:-1\" \/>\n<link rel=\"canonical\" href=\"https:\/\/famosasofties.com\/it\/\" \/>\n<meta property=\"og:locale\" content=\"it_IT\" \/>\n<meta property=\"og:type\" content=\"article\" \/>\n<meta property=\"og:title\" content=\"Famosa Softies - Softies IT\" \/>\n<meta property=\"og:description\" content=\"In Famosa Softies, trasformiamo sogni, eroi e disegni in peluche. Siamo la divisione di peluche del Gruppo Giochi Preziosi, societ\u00e0 leader nel settore dei giocattoli. Abbiamo alle spalle un&#8217;esperienza trentennale nel dare vita al lato pi\u00f9 tenero dei giocattoli, cercando sempre le ultime tendenze per offrire il peluche dei sogni ai pi\u00f9 piccoli&#8230; e non [&hellip;]\" \/>\n<meta property=\"og:url\" content=\"https:\/\/famosasofties.com\/it\/\" \/>\n<meta property=\"og:site_name\" content=\"Softies IT\" \/>\n<meta property=\"article:modified_time\" content=\"2022-02-02T12:42:24+00:00\" \/>\n<meta name=\"twitter:card\" content=\"summary_large_image\" \/>\n<meta name=\"twitter:label1\" content=\"Tempo di lettura stimato\" \/>\n\t<meta name=\"twitter:data1\" content=\"1 minuto\" \/>\n<script type=\"application\/ld+json\" class=\"yoast-schema-graph\">{\"@context\":\"https:\/\/schema.org\",\"@graph\":[{\"@type\":\"WebSite\",\"@id\":\"https:\/\/famosasofties.com\/it\/#website\",\"url\":\"https:\/\/famosasofties.com\/it\/\",\"name\":\"Softies IT\",\"description\":\"Otro sitio realizado con WordPress\",\"potentialAction\":[{\"@type\":\"SearchAction\",\"target\":{\"@type\":\"EntryPoint\",\"urlTemplate\":\"https:\/\/famosasofties.com\/it\/?s={search_term_string}\"},\"query-input\":\"required name=search_term_string\"}],\"inLanguage\":\"it-IT\"},{\"@type\":\"WebPage\",\"@id\":\"https:\/\/famosasofties.com\/it\/#webpage\",\"url\":\"https:\/\/famosasofties.com\/it\/\",\"name\":\"Famosa Softies - Softies IT\",\"isPartOf\":{\"@id\":\"https:\/\/famosasofties.com\/it\/#website\"},\"datePublished\":\"2021-08-04T15:10:57+00:00\",\"dateModified\":\"2022-02-02T12:42:24+00:00\",\"breadcrumb\":{\"@id\":\"https:\/\/famosasofties.com\/it\/#breadcrumb\"},\"inLanguage\":\"it-IT\",\"potentialAction\":[{\"@type\":\"ReadAction\",\"target\":[\"https:\/\/famosasofties.com\/it\/\"]}]},{\"@type\":\"BreadcrumbList\",\"@id\":\"https:\/\/famosasofties.com\/it\/#breadcrumb\",\"itemListElement\":[{\"@type\":\"ListItem\",\"position\":1,\"name\":\"Portada\",\"item\":\"https:\/\/famosasofties.com\/it\/\"},{\"@type\":\"ListItem\",\"position\":2,\"name\":\"Famosa Softies\"}]}]}<\/script>\n<!-- \/ Yoast SEO plugin. -->","yoast_head_json":{"title":"Famosa Softies - Softies IT","robots":{"index":"index","follow":"follow","max-snippet":"max-snippet:-1","max-image-preview":"max-image-preview:large","max-video-preview":"max-video-preview:-1"},"canonical":"https:\/\/famosasofties.com\/it\/","og_locale":"it_IT","og_type":"article","og_title":"Famosa Softies - Softies IT","og_description":"In Famosa Softies, trasformiamo sogni, eroi e disegni in peluche. Siamo la divisione di peluche del Gruppo Giochi Preziosi, societ\u00e0 leader nel settore dei giocattoli. Abbiamo alle spalle un&#8217;esperienza trentennale nel dare vita al lato pi\u00f9 tenero dei giocattoli, cercando sempre le ultime tendenze per offrire il peluche dei sogni ai pi\u00f9 piccoli&#8230; e non [&hellip;]","og_url":"https:\/\/famosasofties.com\/it\/","og_site_name":"Softies IT","article_modified_time":"2022-02-02T12:42:24+00:00","twitter_card":"summary_large_image","twitter_misc":{"Tempo di lettura stimato":"1 minuto"},"schema":{"@context":"https:\/\/schema.org","@graph":[{"@type":"WebSite","@id":"https:\/\/famosasofties.com\/it\/#website","url":"https:\/\/famosasofties.com\/it\/","name":"Softies IT","description":"Otro sitio realizado con WordPress","potentialAction":[{"@type":"SearchAction","target":{"@type":"EntryPoint","urlTemplate":"https:\/\/famosasofties.com\/it\/?s={search_term_string}"},"query-input":"required name=search_term_string"}],"inLanguage":"it-IT"},{"@type":"WebPage","@id":"https:\/\/famosasofties.com\/it\/#webpage","url":"https:\/\/famosasofties.com\/it\/","name":"Famosa Softies - Softies IT","isPartOf":{"@id":"https:\/\/famosasofties.com\/it\/#website"},"datePublished":"2021-08-04T15:10:57+00:00","dateModified":"2022-02-02T12:42:24+00:00","breadcrumb":{"@id":"https:\/\/famosasofties.com\/it\/#breadcrumb"},"inLanguage":"it-IT","potentialAction":[{"@type":"ReadAction","target":["https:\/\/famosasofties.com\/it\/"]}]},{"@type":"BreadcrumbList","@id":"https:\/\/famosasofties.com\/it\/#breadcrumb","itemListElement":[{"@type":"ListItem","position":1,"name":"Portada","item":"https:\/\/famosasofties.com\/it\/"},{"@type":"ListItem","position":2,"name":"Famosa Softies"}]}]}},"_links":{"self":[{"href":"https:\/\/famosasofties.com\/it\/wp-json\/wp\/v2\/pages\/29"}],"collection":[{"href":"https:\/\/famosasofties.com\/it\/wp-json\/wp\/v2\/pages"}],"about":[{"href":"https:\/\/famosasofties.com\/it\/wp-json\/wp\/v2\/types\/page"}],"author":[{"embeddable":true,"href":"https:\/\/famosasofties.com\/it\/wp-json\/wp\/v2\/users\/1"}],"replies":[{"embeddable":true,"href":"https:\/\/famosasofties.com\/it\/wp-json\/wp\/v2\/comments?post=29"}],"version-history":[{"count":11,"href":"https:\/\/famosasofties.com\/it\/wp-json\/wp\/v2\/pages\/29\/revisions"}],"predecessor-version":[{"id":963,"href":"https:\/\/famosasofties.com\/it\/wp-json\/wp\/v2\/pages\/29\/revisions\/963"}],"wp:attachment":[{"href":"https:\/\/famosasofties.com\/it\/wp-json\/wp\/v2\/media?parent=29"}],"curies":[{"name":"wp","href":"https:\/\/api.w.org\/{rel}","templated":true}]}}