{"id":289,"date":"2021-10-11T06:34:28","date_gmt":"2021-10-11T06:34:28","guid":{"rendered":"https:\/\/famosasofties.com\/it\/?page_id=289"},"modified":"2022-03-07T09:54:31","modified_gmt":"2022-03-07T09:54:31","slug":"my-little-pony","status":"publish","type":"page","link":"https:\/\/famosasofties.com\/it\/my-little-pony\/","title":{"rendered":"My Little Pony"},"content":{"rendered":"\t\t<div data-elementor-type=\"wp-page\" data-elementor-id=\"289\" class=\"elementor elementor-289\" data-elementor-settings=\"[]\">\n\t\t\t\t\t\t\t<div class=\"elementor-section-wrap\">\n\t\t\t\t\t\t\t<section class=\"elementor-section elementor-top-section elementor-element elementor-element-3a142a1 elementor-section-boxed elementor-section-height-default elementor-section-height-default\" data-id=\"3a142a1\" data-element_type=\"section\">\n\t\t\t\t\t\t<div class=\"elementor-container elementor-column-gap-default\">\n\t\t\t\t\t<div class=\"elementor-column elementor-col-100 elementor-top-column elementor-element elementor-element-2f802ea6\" data-id=\"2f802ea6\" data-element_type=\"column\">\n\t\t\t<div class=\"elementor-widget-wrap elementor-element-populated\">\n\t\t\t\t\t\t\t\t<div class=\"elementor-element elementor-element-18c1d17b elementor-widget elementor-widget-text-editor\" data-id=\"18c1d17b\" data-element_type=\"widget\" data-widget_type=\"text-editor.default\">\n\t\t\t\t<div class=\"elementor-widget-container\">\n\t\t\t\t\t\t\t\t<p>Hasbro lanci\u00f2 sul mercato la prima linea di giocattoli My Little Pony nel 1983. Da quel momento, il marchio ha acquisito grande popolarit\u00e0 e ha progressivamente rinnovato la sua estetica in 4 generazioni differenti. Inoltre, il marchio possiede film, serie TV, musical e un&#8217;ampia gamma di prodotti.<\/p><p>In settembre 2021, \u00e8 stato presentato su Netflix il nuovo film di My Little Pony, attraverso il quale prender\u00e0 vita la Generazione 5, reinventando nuovamente l&#8217;estetica dei personaggi, cos\u00ec come la personalit\u00e0 e i valori che condividono.\u00a0<\/p><p>La collezione di peluche di My Little Pony \u00e8 composta dai personaggi principali del film, con un&#8217;estetica molto realistica e lunghe criniere. Scegli il tuo preferito.<\/p>\t\t\t\t\t\t<\/div>\n\t\t\t\t<\/div>\n\t\t\t\t\t<\/div>\n\t\t<\/div>\n\t\t\t\t\t\t\t<\/div>\n\t\t<\/section>\n\t\t\t\t\t\t<\/div>\n\t\t\t\t\t<\/div>\n\t\t","protected":false},"excerpt":{"rendered":"<p>Hasbro lanci\u00f2 sul mercato la prima linea di giocattoli My Little Pony nel 1983. Da quel momento, il marchio ha acquisito grande popolarit\u00e0 e ha progressivamente rinnovato la sua estetica in 4 generazioni differenti. Inoltre, il marchio possiede film, serie TV, musical e un&#8217;ampia gamma di prodotti. In settembre 2021, \u00e8 stato presentato su Netflix [&hellip;]<\/p>\n","protected":false},"author":1,"featured_media":0,"parent":0,"menu_order":19,"comment_status":"closed","ping_status":"closed","template":"page-marca.php","meta":{"footnotes":""},"class_list":["post-289","page","type-page","status-publish","hentry"],"acf":[],"yoast_head":"<!-- This site is optimized with the Yoast SEO plugin v16.9 - https:\/\/yoast.com\/wordpress\/plugins\/seo\/ -->\n<title>My Little Pony - Softies IT<\/title>\n<meta name=\"description\" content=\"La collezione di peluche di My Little Pony \u00e8 composta dai personaggi principali del film, con un&#039;estetica molto realistica e lunghe criniere.\" \/>\n<meta name=\"robots\" content=\"index, follow, max-snippet:-1, max-image-preview:large, max-video-preview:-1\" \/>\n<link rel=\"canonical\" href=\"https:\/\/famosasofties.com\/it\/my-little-pony\/\" \/>\n<meta property=\"og:locale\" content=\"it_IT\" \/>\n<meta property=\"og:type\" content=\"article\" \/>\n<meta property=\"og:title\" content=\"My Little Pony - Softies IT\" \/>\n<meta property=\"og:description\" content=\"La collezione di peluche di My Little Pony \u00e8 composta dai personaggi principali del film, con un&#039;estetica molto realistica e lunghe criniere.\" \/>\n<meta property=\"og:url\" content=\"https:\/\/famosasofties.com\/it\/my-little-pony\/\" \/>\n<meta property=\"og:site_name\" content=\"Softies IT\" \/>\n<meta property=\"article:modified_time\" content=\"2022-03-07T09:54:31+00:00\" \/>\n<meta name=\"twitter:card\" content=\"summary_large_image\" \/>\n<meta name=\"twitter:label1\" content=\"Tempo di lettura stimato\" \/>\n\t<meta name=\"twitter:data1\" content=\"1 minuto\" \/>\n<script type=\"application\/ld+json\" class=\"yoast-schema-graph\">{\"@context\":\"https:\/\/schema.org\",\"@graph\":[{\"@type\":\"WebSite\",\"@id\":\"https:\/\/famosasofties.com\/it\/#website\",\"url\":\"https:\/\/famosasofties.com\/it\/\",\"name\":\"Softies IT\",\"description\":\"Otro sitio realizado con WordPress\",\"potentialAction\":[{\"@type\":\"SearchAction\",\"target\":{\"@type\":\"EntryPoint\",\"urlTemplate\":\"https:\/\/famosasofties.com\/it\/?s={search_term_string}\"},\"query-input\":\"required name=search_term_string\"}],\"inLanguage\":\"it-IT\"},{\"@type\":\"WebPage\",\"@id\":\"https:\/\/famosasofties.com\/it\/my-little-pony\/#webpage\",\"url\":\"https:\/\/famosasofties.com\/it\/my-little-pony\/\",\"name\":\"My Little Pony - Softies IT\",\"isPartOf\":{\"@id\":\"https:\/\/famosasofties.com\/it\/#website\"},\"datePublished\":\"2021-10-11T06:34:28+00:00\",\"dateModified\":\"2022-03-07T09:54:31+00:00\",\"description\":\"La collezione di peluche di My Little Pony \\u00e8 composta dai personaggi principali del film, con un'estetica molto realistica e lunghe criniere.\",\"breadcrumb\":{\"@id\":\"https:\/\/famosasofties.com\/it\/my-little-pony\/#breadcrumb\"},\"inLanguage\":\"it-IT\",\"potentialAction\":[{\"@type\":\"ReadAction\",\"target\":[\"https:\/\/famosasofties.com\/it\/my-little-pony\/\"]}]},{\"@type\":\"BreadcrumbList\",\"@id\":\"https:\/\/famosasofties.com\/it\/my-little-pony\/#breadcrumb\",\"itemListElement\":[{\"@type\":\"ListItem\",\"position\":1,\"name\":\"Portada\",\"item\":\"https:\/\/famosasofties.com\/it\/\"},{\"@type\":\"ListItem\",\"position\":2,\"name\":\"My Little Pony\"}]}]}<\/script>\n<!-- \/ Yoast SEO plugin. -->","yoast_head_json":{"title":"My Little Pony - Softies IT","description":"La collezione di peluche di My Little Pony \u00e8 composta dai personaggi principali del film, con un'estetica molto realistica e lunghe criniere.","robots":{"index":"index","follow":"follow","max-snippet":"max-snippet:-1","max-image-preview":"max-image-preview:large","max-video-preview":"max-video-preview:-1"},"canonical":"https:\/\/famosasofties.com\/it\/my-little-pony\/","og_locale":"it_IT","og_type":"article","og_title":"My Little Pony - Softies IT","og_description":"La collezione di peluche di My Little Pony \u00e8 composta dai personaggi principali del film, con un'estetica molto realistica e lunghe criniere.","og_url":"https:\/\/famosasofties.com\/it\/my-little-pony\/","og_site_name":"Softies IT","article_modified_time":"2022-03-07T09:54:31+00:00","twitter_card":"summary_large_image","twitter_misc":{"Tempo di lettura stimato":"1 minuto"},"schema":{"@context":"https:\/\/schema.org","@graph":[{"@type":"WebSite","@id":"https:\/\/famosasofties.com\/it\/#website","url":"https:\/\/famosasofties.com\/it\/","name":"Softies IT","description":"Otro sitio realizado con WordPress","potentialAction":[{"@type":"SearchAction","target":{"@type":"EntryPoint","urlTemplate":"https:\/\/famosasofties.com\/it\/?s={search_term_string}"},"query-input":"required name=search_term_string"}],"inLanguage":"it-IT"},{"@type":"WebPage","@id":"https:\/\/famosasofties.com\/it\/my-little-pony\/#webpage","url":"https:\/\/famosasofties.com\/it\/my-little-pony\/","name":"My Little Pony - Softies IT","isPartOf":{"@id":"https:\/\/famosasofties.com\/it\/#website"},"datePublished":"2021-10-11T06:34:28+00:00","dateModified":"2022-03-07T09:54:31+00:00","description":"La collezione di peluche di My Little Pony \u00e8 composta dai personaggi principali del film, con un'estetica molto realistica e lunghe criniere.","breadcrumb":{"@id":"https:\/\/famosasofties.com\/it\/my-little-pony\/#breadcrumb"},"inLanguage":"it-IT","potentialAction":[{"@type":"ReadAction","target":["https:\/\/famosasofties.com\/it\/my-little-pony\/"]}]},{"@type":"BreadcrumbList","@id":"https:\/\/famosasofties.com\/it\/my-little-pony\/#breadcrumb","itemListElement":[{"@type":"ListItem","position":1,"name":"Portada","item":"https:\/\/famosasofties.com\/it\/"},{"@type":"ListItem","position":2,"name":"My Little Pony"}]}]}},"_links":{"self":[{"href":"https:\/\/famosasofties.com\/it\/wp-json\/wp\/v2\/pages\/289"}],"collection":[{"href":"https:\/\/famosasofties.com\/it\/wp-json\/wp\/v2\/pages"}],"about":[{"href":"https:\/\/famosasofties.com\/it\/wp-json\/wp\/v2\/types\/page"}],"author":[{"embeddable":true,"href":"https:\/\/famosasofties.com\/it\/wp-json\/wp\/v2\/users\/1"}],"replies":[{"embeddable":true,"href":"https:\/\/famosasofties.com\/it\/wp-json\/wp\/v2\/comments?post=289"}],"version-history":[{"count":17,"href":"https:\/\/famosasofties.com\/it\/wp-json\/wp\/v2\/pages\/289\/revisions"}],"predecessor-version":[{"id":985,"href":"https:\/\/famosasofties.com\/it\/wp-json\/wp\/v2\/pages\/289\/revisions\/985"}],"wp:attachment":[{"href":"https:\/\/famosasofties.com\/it\/wp-json\/wp\/v2\/media?parent=289"}],"curies":[{"name":"wp","href":"https:\/\/api.w.org\/{rel}","templated":true}]}}