{"id":281,"date":"2021-10-11T06:31:41","date_gmt":"2021-10-11T06:31:41","guid":{"rendered":"https:\/\/famosasofties.com\/it\/?page_id=281"},"modified":"2021-12-09T12:15:38","modified_gmt":"2021-12-09T12:15:38","slug":"peppa-pig-2","status":"publish","type":"page","link":"https:\/\/famosasofties.com\/it\/peppa-pig-2\/","title":{"rendered":"Peppa Pig"},"content":{"rendered":"\t\t<div data-elementor-type=\"wp-page\" data-elementor-id=\"281\" class=\"elementor elementor-281\" data-elementor-settings=\"[]\">\n\t\t\t\t\t\t\t<div class=\"elementor-section-wrap\">\n\t\t\t\t\t\t\t<section class=\"elementor-section elementor-top-section elementor-element elementor-element-3a142a1 elementor-section-boxed elementor-section-height-default elementor-section-height-default\" data-id=\"3a142a1\" data-element_type=\"section\">\n\t\t\t\t\t\t<div class=\"elementor-container elementor-column-gap-default\">\n\t\t\t\t\t<div class=\"elementor-column elementor-col-100 elementor-top-column elementor-element elementor-element-2f802ea6\" data-id=\"2f802ea6\" data-element_type=\"column\">\n\t\t\t<div class=\"elementor-widget-wrap elementor-element-populated\">\n\t\t\t\t\t\t\t\t<div class=\"elementor-element elementor-element-18c1d17b elementor-widget elementor-widget-text-editor\" data-id=\"18c1d17b\" data-element_type=\"widget\" data-widget_type=\"text-editor.default\">\n\t\t\t\t<div class=\"elementor-widget-container\">\n\t\t\t\t\t\t\t\t<p>Dal 2004 Peppa Pig \u00e8 divenuta la maialina pi\u00f9 amata dai bambini.<\/p><p>Peppa, la sua famiglia e i suoi amici insegnano ai bambini, in modo divertente, valori come amore, solidariet\u00e0 e collaborazione.\u00a0 Peppa \u00e8 trasmessa in oltre 180 paesi, con una libreria di episodi che arriver\u00e0 a 380 nel 2023 ed \u00e8 la serie n. 1 in streaming a livello globale, con quasi 29 miliardi di visualizzazioni, in continuo aumento.<\/p><p>Nella nostra ampia collezione, troverai i peluche di Peppa Pig nella versione classica, con vari outfit a tema, mentre canta o con i suoi giocattoli preferiti.<\/p>\t\t\t\t\t\t<\/div>\n\t\t\t\t<\/div>\n\t\t\t\t\t<\/div>\n\t\t<\/div>\n\t\t\t\t\t\t\t<\/div>\n\t\t<\/section>\n\t\t\t\t\t\t<\/div>\n\t\t\t\t\t<\/div>\n\t\t","protected":false},"excerpt":{"rendered":"<p>Dal 2004 Peppa Pig \u00e8 divenuta la maialina pi\u00f9 amata dai bambini. Peppa, la sua famiglia e i suoi amici insegnano ai bambini, in modo divertente, valori come amore, solidariet\u00e0 e collaborazione.&nbsp; Peppa \u00e8 trasmessa in oltre 180 paesi, con una libreria di episodi che arriver\u00e0 a 380 nel 2023 ed \u00e8 la serie n. [&hellip;]<\/p>\n","protected":false},"author":1,"featured_media":0,"parent":0,"menu_order":20,"comment_status":"closed","ping_status":"closed","template":"page-marca.php","meta":{"footnotes":""},"class_list":["post-281","page","type-page","status-publish","hentry"],"acf":[],"yoast_head":"<!-- This site is optimized with the Yoast SEO plugin v16.9 - https:\/\/yoast.com\/wordpress\/plugins\/seo\/ -->\n<title>Peppa Pig - Softies IT<\/title>\n<meta name=\"description\" content=\"Nella nostra ampia collezione, troverai i peluche di Peppa Pig nella versione classica, con vari outfit a tema, mentre canta o con i suoi giocattoli preferiti.\" \/>\n<meta name=\"robots\" content=\"index, follow, max-snippet:-1, max-image-preview:large, max-video-preview:-1\" \/>\n<link rel=\"canonical\" href=\"https:\/\/famosasofties.com\/it\/peppa-pig-2\/\" \/>\n<meta property=\"og:locale\" content=\"it_IT\" \/>\n<meta property=\"og:type\" content=\"article\" \/>\n<meta property=\"og:title\" content=\"Peppa Pig - Softies IT\" \/>\n<meta property=\"og:description\" content=\"Nella nostra ampia collezione, troverai i peluche di Peppa Pig nella versione classica, con vari outfit a tema, mentre canta o con i suoi giocattoli preferiti.\" \/>\n<meta property=\"og:url\" content=\"https:\/\/famosasofties.com\/it\/peppa-pig-2\/\" \/>\n<meta property=\"og:site_name\" content=\"Softies IT\" \/>\n<meta property=\"article:modified_time\" content=\"2021-12-09T12:15:38+00:00\" \/>\n<meta name=\"twitter:card\" content=\"summary_large_image\" \/>\n<meta name=\"twitter:label1\" content=\"Tempo di lettura stimato\" \/>\n\t<meta name=\"twitter:data1\" content=\"1 minuto\" \/>\n<script type=\"application\/ld+json\" class=\"yoast-schema-graph\">{\"@context\":\"https:\/\/schema.org\",\"@graph\":[{\"@type\":\"WebSite\",\"@id\":\"https:\/\/famosasofties.com\/it\/#website\",\"url\":\"https:\/\/famosasofties.com\/it\/\",\"name\":\"Softies IT\",\"description\":\"Otro sitio realizado con WordPress\",\"potentialAction\":[{\"@type\":\"SearchAction\",\"target\":{\"@type\":\"EntryPoint\",\"urlTemplate\":\"https:\/\/famosasofties.com\/it\/?s={search_term_string}\"},\"query-input\":\"required name=search_term_string\"}],\"inLanguage\":\"it-IT\"},{\"@type\":\"WebPage\",\"@id\":\"https:\/\/famosasofties.com\/it\/peppa-pig-2\/#webpage\",\"url\":\"https:\/\/famosasofties.com\/it\/peppa-pig-2\/\",\"name\":\"Peppa Pig - Softies IT\",\"isPartOf\":{\"@id\":\"https:\/\/famosasofties.com\/it\/#website\"},\"datePublished\":\"2021-10-11T06:31:41+00:00\",\"dateModified\":\"2021-12-09T12:15:38+00:00\",\"description\":\"Nella nostra ampia collezione, troverai i peluche di Peppa Pig nella versione classica, con vari outfit a tema, mentre canta o con i suoi giocattoli preferiti.\",\"breadcrumb\":{\"@id\":\"https:\/\/famosasofties.com\/it\/peppa-pig-2\/#breadcrumb\"},\"inLanguage\":\"it-IT\",\"potentialAction\":[{\"@type\":\"ReadAction\",\"target\":[\"https:\/\/famosasofties.com\/it\/peppa-pig-2\/\"]}]},{\"@type\":\"BreadcrumbList\",\"@id\":\"https:\/\/famosasofties.com\/it\/peppa-pig-2\/#breadcrumb\",\"itemListElement\":[{\"@type\":\"ListItem\",\"position\":1,\"name\":\"Portada\",\"item\":\"https:\/\/famosasofties.com\/it\/\"},{\"@type\":\"ListItem\",\"position\":2,\"name\":\"Peppa Pig\"}]}]}<\/script>\n<!-- \/ Yoast SEO plugin. -->","yoast_head_json":{"title":"Peppa Pig - Softies IT","description":"Nella nostra ampia collezione, troverai i peluche di Peppa Pig nella versione classica, con vari outfit a tema, mentre canta o con i suoi giocattoli preferiti.","robots":{"index":"index","follow":"follow","max-snippet":"max-snippet:-1","max-image-preview":"max-image-preview:large","max-video-preview":"max-video-preview:-1"},"canonical":"https:\/\/famosasofties.com\/it\/peppa-pig-2\/","og_locale":"it_IT","og_type":"article","og_title":"Peppa Pig - Softies IT","og_description":"Nella nostra ampia collezione, troverai i peluche di Peppa Pig nella versione classica, con vari outfit a tema, mentre canta o con i suoi giocattoli preferiti.","og_url":"https:\/\/famosasofties.com\/it\/peppa-pig-2\/","og_site_name":"Softies IT","article_modified_time":"2021-12-09T12:15:38+00:00","twitter_card":"summary_large_image","twitter_misc":{"Tempo di lettura stimato":"1 minuto"},"schema":{"@context":"https:\/\/schema.org","@graph":[{"@type":"WebSite","@id":"https:\/\/famosasofties.com\/it\/#website","url":"https:\/\/famosasofties.com\/it\/","name":"Softies IT","description":"Otro sitio realizado con WordPress","potentialAction":[{"@type":"SearchAction","target":{"@type":"EntryPoint","urlTemplate":"https:\/\/famosasofties.com\/it\/?s={search_term_string}"},"query-input":"required name=search_term_string"}],"inLanguage":"it-IT"},{"@type":"WebPage","@id":"https:\/\/famosasofties.com\/it\/peppa-pig-2\/#webpage","url":"https:\/\/famosasofties.com\/it\/peppa-pig-2\/","name":"Peppa Pig - Softies IT","isPartOf":{"@id":"https:\/\/famosasofties.com\/it\/#website"},"datePublished":"2021-10-11T06:31:41+00:00","dateModified":"2021-12-09T12:15:38+00:00","description":"Nella nostra ampia collezione, troverai i peluche di Peppa Pig nella versione classica, con vari outfit a tema, mentre canta o con i suoi giocattoli preferiti.","breadcrumb":{"@id":"https:\/\/famosasofties.com\/it\/peppa-pig-2\/#breadcrumb"},"inLanguage":"it-IT","potentialAction":[{"@type":"ReadAction","target":["https:\/\/famosasofties.com\/it\/peppa-pig-2\/"]}]},{"@type":"BreadcrumbList","@id":"https:\/\/famosasofties.com\/it\/peppa-pig-2\/#breadcrumb","itemListElement":[{"@type":"ListItem","position":1,"name":"Portada","item":"https:\/\/famosasofties.com\/it\/"},{"@type":"ListItem","position":2,"name":"Peppa Pig"}]}]}},"_links":{"self":[{"href":"https:\/\/famosasofties.com\/it\/wp-json\/wp\/v2\/pages\/281"}],"collection":[{"href":"https:\/\/famosasofties.com\/it\/wp-json\/wp\/v2\/pages"}],"about":[{"href":"https:\/\/famosasofties.com\/it\/wp-json\/wp\/v2\/types\/page"}],"author":[{"embeddable":true,"href":"https:\/\/famosasofties.com\/it\/wp-json\/wp\/v2\/users\/1"}],"replies":[{"embeddable":true,"href":"https:\/\/famosasofties.com\/it\/wp-json\/wp\/v2\/comments?post=281"}],"version-history":[{"count":19,"href":"https:\/\/famosasofties.com\/it\/wp-json\/wp\/v2\/pages\/281\/revisions"}],"predecessor-version":[{"id":931,"href":"https:\/\/famosasofties.com\/it\/wp-json\/wp\/v2\/pages\/281\/revisions\/931"}],"wp:attachment":[{"href":"https:\/\/famosasofties.com\/it\/wp-json\/wp\/v2\/media?parent=281"}],"curies":[{"name":"wp","href":"https:\/\/api.w.org\/{rel}","templated":true}]}}