{"id":249,"date":"2021-10-11T06:21:48","date_gmt":"2021-10-11T06:21:48","guid":{"rendered":"https:\/\/famosasofties.com\/it\/?page_id=249"},"modified":"2021-12-09T12:07:39","modified_gmt":"2021-12-09T12:07:39","slug":"looney-tunes","status":"publish","type":"page","link":"https:\/\/famosasofties.com\/it\/looney-tunes\/","title":{"rendered":"Looney Tunes"},"content":{"rendered":"\t\t<div data-elementor-type=\"wp-page\" data-elementor-id=\"249\" class=\"elementor elementor-249\" data-elementor-settings=\"[]\">\n\t\t\t\t\t\t\t<div class=\"elementor-section-wrap\">\n\t\t\t\t\t\t\t<section class=\"elementor-section elementor-top-section elementor-element elementor-element-3a142a1 elementor-section-boxed elementor-section-height-default elementor-section-height-default\" data-id=\"3a142a1\" data-element_type=\"section\">\n\t\t\t\t\t\t<div class=\"elementor-container elementor-column-gap-default\">\n\t\t\t\t\t<div class=\"elementor-column elementor-col-100 elementor-top-column elementor-element elementor-element-2f802ea6\" data-id=\"2f802ea6\" data-element_type=\"column\">\n\t\t\t<div class=\"elementor-widget-wrap elementor-element-populated\">\n\t\t\t\t\t\t\t\t<div class=\"elementor-element elementor-element-18c1d17b elementor-widget elementor-widget-text-editor\" data-id=\"18c1d17b\" data-element_type=\"widget\" data-widget_type=\"text-editor.default\">\n\t\t\t\t<div class=\"elementor-widget-container\">\n\t\t\t\t\t\t\t\t<p>I Looney Tunes sono i personaggi animati pi\u00f9 iconici della Warner, riconosciuti da persone di ogni et\u00e0, in diverse parti del mondo.<\/p><p>Sono gi\u00e0 trascorsi quasi 90 anni da quando Warner diede vita ai Looney Tunes, che si \u00e8 trasformato in un marchio iconico con un ventaglio di personaggi carichi di energia e ingegno, caratteristiche che li rendono tanto spassosi.<\/p><p>Scopri i peluche dei personaggi principali di questi cartoni animati, Titti, Silvestro, Bugs Bunny, Daffy Duck, Willy il Coyote, Beep Beep e Taz.<\/p>\t\t\t\t\t\t<\/div>\n\t\t\t\t<\/div>\n\t\t\t\t\t<\/div>\n\t\t<\/div>\n\t\t\t\t\t\t\t<\/div>\n\t\t<\/section>\n\t\t\t\t\t\t<\/div>\n\t\t\t\t\t<\/div>\n\t\t","protected":false},"excerpt":{"rendered":"<p>I Looney Tunes sono i personaggi animati pi\u00f9 iconici della Warner, riconosciuti da persone di ogni et\u00e0, in diverse parti del mondo. Sono gi\u00e0 trascorsi quasi 90 anni da quando Warner diede vita ai Looney Tunes, che si \u00e8 trasformato in un marchio iconico con un ventaglio di personaggi carichi di energia e ingegno, caratteristiche [&hellip;]<\/p>\n","protected":false},"author":1,"featured_media":0,"parent":0,"menu_order":23,"comment_status":"closed","ping_status":"closed","template":"page-marca.php","meta":{"footnotes":""},"class_list":["post-249","page","type-page","status-publish","hentry"],"acf":[],"yoast_head":"<!-- This site is optimized with the Yoast SEO plugin v16.9 - https:\/\/yoast.com\/wordpress\/plugins\/seo\/ -->\n<title>Looney Tunes - Softies IT<\/title>\n<meta name=\"description\" content=\"Scopri i peluche dei personaggi principali di questi cartoni animati, Titti, Silvestro, Bugs Bunny, Daffy Duck, Willy il Coyote...\" \/>\n<meta name=\"robots\" content=\"index, follow, max-snippet:-1, max-image-preview:large, max-video-preview:-1\" \/>\n<link rel=\"canonical\" href=\"https:\/\/famosasofties.com\/it\/looney-tunes\/\" \/>\n<meta property=\"og:locale\" content=\"it_IT\" \/>\n<meta property=\"og:type\" content=\"article\" \/>\n<meta property=\"og:title\" content=\"Looney Tunes - Softies IT\" \/>\n<meta property=\"og:description\" content=\"Scopri i peluche dei personaggi principali di questi cartoni animati, Titti, Silvestro, Bugs Bunny, Daffy Duck, Willy il Coyote...\" \/>\n<meta property=\"og:url\" content=\"https:\/\/famosasofties.com\/it\/looney-tunes\/\" \/>\n<meta property=\"og:site_name\" content=\"Softies IT\" \/>\n<meta property=\"article:modified_time\" content=\"2021-12-09T12:07:39+00:00\" \/>\n<meta name=\"twitter:card\" content=\"summary_large_image\" \/>\n<meta name=\"twitter:label1\" content=\"Tempo di lettura stimato\" \/>\n\t<meta name=\"twitter:data1\" content=\"1 minuto\" \/>\n<script type=\"application\/ld+json\" class=\"yoast-schema-graph\">{\"@context\":\"https:\/\/schema.org\",\"@graph\":[{\"@type\":\"WebSite\",\"@id\":\"https:\/\/famosasofties.com\/it\/#website\",\"url\":\"https:\/\/famosasofties.com\/it\/\",\"name\":\"Softies IT\",\"description\":\"Otro sitio realizado con WordPress\",\"potentialAction\":[{\"@type\":\"SearchAction\",\"target\":{\"@type\":\"EntryPoint\",\"urlTemplate\":\"https:\/\/famosasofties.com\/it\/?s={search_term_string}\"},\"query-input\":\"required name=search_term_string\"}],\"inLanguage\":\"it-IT\"},{\"@type\":\"WebPage\",\"@id\":\"https:\/\/famosasofties.com\/it\/looney-tunes\/#webpage\",\"url\":\"https:\/\/famosasofties.com\/it\/looney-tunes\/\",\"name\":\"Looney Tunes - Softies IT\",\"isPartOf\":{\"@id\":\"https:\/\/famosasofties.com\/it\/#website\"},\"datePublished\":\"2021-10-11T06:21:48+00:00\",\"dateModified\":\"2021-12-09T12:07:39+00:00\",\"description\":\"Scopri i peluche dei personaggi principali di questi cartoni animati, Titti, Silvestro, Bugs Bunny, Daffy Duck, Willy il Coyote...\",\"breadcrumb\":{\"@id\":\"https:\/\/famosasofties.com\/it\/looney-tunes\/#breadcrumb\"},\"inLanguage\":\"it-IT\",\"potentialAction\":[{\"@type\":\"ReadAction\",\"target\":[\"https:\/\/famosasofties.com\/it\/looney-tunes\/\"]}]},{\"@type\":\"BreadcrumbList\",\"@id\":\"https:\/\/famosasofties.com\/it\/looney-tunes\/#breadcrumb\",\"itemListElement\":[{\"@type\":\"ListItem\",\"position\":1,\"name\":\"Portada\",\"item\":\"https:\/\/famosasofties.com\/it\/\"},{\"@type\":\"ListItem\",\"position\":2,\"name\":\"Looney Tunes\"}]}]}<\/script>\n<!-- \/ Yoast SEO plugin. -->","yoast_head_json":{"title":"Looney Tunes - Softies IT","description":"Scopri i peluche dei personaggi principali di questi cartoni animati, Titti, Silvestro, Bugs Bunny, Daffy Duck, Willy il Coyote...","robots":{"index":"index","follow":"follow","max-snippet":"max-snippet:-1","max-image-preview":"max-image-preview:large","max-video-preview":"max-video-preview:-1"},"canonical":"https:\/\/famosasofties.com\/it\/looney-tunes\/","og_locale":"it_IT","og_type":"article","og_title":"Looney Tunes - Softies IT","og_description":"Scopri i peluche dei personaggi principali di questi cartoni animati, Titti, Silvestro, Bugs Bunny, Daffy Duck, Willy il Coyote...","og_url":"https:\/\/famosasofties.com\/it\/looney-tunes\/","og_site_name":"Softies IT","article_modified_time":"2021-12-09T12:07:39+00:00","twitter_card":"summary_large_image","twitter_misc":{"Tempo di lettura stimato":"1 minuto"},"schema":{"@context":"https:\/\/schema.org","@graph":[{"@type":"WebSite","@id":"https:\/\/famosasofties.com\/it\/#website","url":"https:\/\/famosasofties.com\/it\/","name":"Softies IT","description":"Otro sitio realizado con WordPress","potentialAction":[{"@type":"SearchAction","target":{"@type":"EntryPoint","urlTemplate":"https:\/\/famosasofties.com\/it\/?s={search_term_string}"},"query-input":"required name=search_term_string"}],"inLanguage":"it-IT"},{"@type":"WebPage","@id":"https:\/\/famosasofties.com\/it\/looney-tunes\/#webpage","url":"https:\/\/famosasofties.com\/it\/looney-tunes\/","name":"Looney Tunes - Softies IT","isPartOf":{"@id":"https:\/\/famosasofties.com\/it\/#website"},"datePublished":"2021-10-11T06:21:48+00:00","dateModified":"2021-12-09T12:07:39+00:00","description":"Scopri i peluche dei personaggi principali di questi cartoni animati, Titti, Silvestro, Bugs Bunny, Daffy Duck, Willy il Coyote...","breadcrumb":{"@id":"https:\/\/famosasofties.com\/it\/looney-tunes\/#breadcrumb"},"inLanguage":"it-IT","potentialAction":[{"@type":"ReadAction","target":["https:\/\/famosasofties.com\/it\/looney-tunes\/"]}]},{"@type":"BreadcrumbList","@id":"https:\/\/famosasofties.com\/it\/looney-tunes\/#breadcrumb","itemListElement":[{"@type":"ListItem","position":1,"name":"Portada","item":"https:\/\/famosasofties.com\/it\/"},{"@type":"ListItem","position":2,"name":"Looney Tunes"}]}]}},"_links":{"self":[{"href":"https:\/\/famosasofties.com\/it\/wp-json\/wp\/v2\/pages\/249"}],"collection":[{"href":"https:\/\/famosasofties.com\/it\/wp-json\/wp\/v2\/pages"}],"about":[{"href":"https:\/\/famosasofties.com\/it\/wp-json\/wp\/v2\/types\/page"}],"author":[{"embeddable":true,"href":"https:\/\/famosasofties.com\/it\/wp-json\/wp\/v2\/users\/1"}],"replies":[{"embeddable":true,"href":"https:\/\/famosasofties.com\/it\/wp-json\/wp\/v2\/comments?post=249"}],"version-history":[{"count":12,"href":"https:\/\/famosasofties.com\/it\/wp-json\/wp\/v2\/pages\/249\/revisions"}],"predecessor-version":[{"id":929,"href":"https:\/\/famosasofties.com\/it\/wp-json\/wp\/v2\/pages\/249\/revisions\/929"}],"wp:attachment":[{"href":"https:\/\/famosasofties.com\/it\/wp-json\/wp\/v2\/media?parent=249"}],"curies":[{"name":"wp","href":"https:\/\/api.w.org\/{rel}","templated":true}]}}