{"id":221,"date":"2021-10-11T06:10:10","date_gmt":"2021-10-11T06:10:10","guid":{"rendered":"https:\/\/famosasofties.com\/it\/?page_id=221"},"modified":"2022-03-07T09:50:23","modified_gmt":"2022-03-07T09:50:23","slug":"curious-come-george","status":"publish","type":"page","link":"https:\/\/famosasofties.com\/it\/curious-come-george\/","title":{"rendered":"Curious come George"},"content":{"rendered":"\t\t<div data-elementor-type=\"wp-page\" data-elementor-id=\"221\" class=\"elementor elementor-221\" data-elementor-settings=\"[]\">\n\t\t\t\t\t\t\t<div class=\"elementor-section-wrap\">\n\t\t\t\t\t\t\t<section class=\"elementor-section elementor-top-section elementor-element elementor-element-3a142a1 elementor-section-boxed elementor-section-height-default elementor-section-height-default\" data-id=\"3a142a1\" data-element_type=\"section\">\n\t\t\t\t\t\t<div class=\"elementor-container elementor-column-gap-default\">\n\t\t\t\t\t<div class=\"elementor-column elementor-col-100 elementor-top-column elementor-element elementor-element-2f802ea6\" data-id=\"2f802ea6\" data-element_type=\"column\">\n\t\t\t<div class=\"elementor-widget-wrap elementor-element-populated\">\n\t\t\t\t\t\t\t\t<div class=\"elementor-element elementor-element-18c1d17b elementor-widget elementor-widget-text-editor\" data-id=\"18c1d17b\" data-element_type=\"widget\" data-widget_type=\"text-editor.default\">\n\t\t\t\t<div class=\"elementor-widget-container\">\n\t\t\t\t\t\t\t\t<p><!-- wp:paragraph --><\/p>\n<p>Curioso come George \u00e8 una serie televisiva educativa animata, basata sulla serie di libri omonima. George \u00e8 una scimmia che vive per esplorare tutto ci\u00f2 che lo circonda. La serie comprende 12 stagioni, 153 episodi, 3 film e 7 libri. In luglio 2021 \u00e8 uscita la 13\u00b0 stagione.<\/p>\n<p>Il nostro catalogo offre un&#8217;ampia collezione di peluche di Curioso come George in diverse misure e tematiche. come George con suono.<\/p>\n<p><!-- \/wp:paragraph --><\/p>\t\t\t\t\t\t<\/div>\n\t\t\t\t<\/div>\n\t\t\t\t\t<\/div>\n\t\t<\/div>\n\t\t\t\t\t\t\t<\/div>\n\t\t<\/section>\n\t\t\t\t\t\t<\/div>\n\t\t\t\t\t<\/div>\n\t\t","protected":false},"excerpt":{"rendered":"<p>Curioso come George \u00e8 una serie televisiva educativa animata, basata sulla serie di libri omonima. George \u00e8 una scimmia che vive per esplorare tutto ci\u00f2 che lo circonda. La serie comprende 12 stagioni, 153 episodi, 3 film e 7 libri. In luglio 2021 \u00e8 uscita la 13\u00b0 stagione. Il nostro catalogo offre un&#8217;ampia collezione di [&hellip;]<\/p>\n","protected":false},"author":1,"featured_media":0,"parent":0,"menu_order":26,"comment_status":"closed","ping_status":"closed","template":"page-marca.php","meta":{"footnotes":""},"class_list":["post-221","page","type-page","status-publish","hentry"],"acf":[],"yoast_head":"<!-- This site is optimized with the Yoast SEO plugin v16.9 - https:\/\/yoast.com\/wordpress\/plugins\/seo\/ -->\n<title>Curious come George - Softies IT<\/title>\n<meta name=\"description\" content=\"Il nostro catalogo offre un&#039;ampia collezione di peluche di Curioso come George in diverse misure e tematiche.\" \/>\n<meta name=\"robots\" content=\"index, follow, max-snippet:-1, max-image-preview:large, max-video-preview:-1\" \/>\n<link rel=\"canonical\" href=\"https:\/\/famosasofties.com\/it\/curious-come-george\/\" \/>\n<meta property=\"og:locale\" content=\"it_IT\" \/>\n<meta property=\"og:type\" content=\"article\" \/>\n<meta property=\"og:title\" content=\"Curious come George - Softies IT\" \/>\n<meta property=\"og:description\" content=\"Il nostro catalogo offre un&#039;ampia collezione di peluche di Curioso come George in diverse misure e tematiche.\" \/>\n<meta property=\"og:url\" content=\"https:\/\/famosasofties.com\/it\/curious-come-george\/\" \/>\n<meta property=\"og:site_name\" content=\"Softies IT\" \/>\n<meta property=\"article:modified_time\" content=\"2022-03-07T09:50:23+00:00\" \/>\n<meta name=\"twitter:card\" content=\"summary_large_image\" \/>\n<meta name=\"twitter:label1\" content=\"Tempo di lettura stimato\" \/>\n\t<meta name=\"twitter:data1\" content=\"1 minuto\" \/>\n<script type=\"application\/ld+json\" class=\"yoast-schema-graph\">{\"@context\":\"https:\/\/schema.org\",\"@graph\":[{\"@type\":\"WebSite\",\"@id\":\"https:\/\/famosasofties.com\/it\/#website\",\"url\":\"https:\/\/famosasofties.com\/it\/\",\"name\":\"Softies IT\",\"description\":\"Otro sitio realizado con WordPress\",\"potentialAction\":[{\"@type\":\"SearchAction\",\"target\":{\"@type\":\"EntryPoint\",\"urlTemplate\":\"https:\/\/famosasofties.com\/it\/?s={search_term_string}\"},\"query-input\":\"required name=search_term_string\"}],\"inLanguage\":\"it-IT\"},{\"@type\":\"WebPage\",\"@id\":\"https:\/\/famosasofties.com\/it\/curious-come-george\/#webpage\",\"url\":\"https:\/\/famosasofties.com\/it\/curious-come-george\/\",\"name\":\"Curious come George - Softies IT\",\"isPartOf\":{\"@id\":\"https:\/\/famosasofties.com\/it\/#website\"},\"datePublished\":\"2021-10-11T06:10:10+00:00\",\"dateModified\":\"2022-03-07T09:50:23+00:00\",\"description\":\"Il nostro catalogo offre un'ampia collezione di peluche di Curioso come George in diverse misure e tematiche.\",\"breadcrumb\":{\"@id\":\"https:\/\/famosasofties.com\/it\/curious-come-george\/#breadcrumb\"},\"inLanguage\":\"it-IT\",\"potentialAction\":[{\"@type\":\"ReadAction\",\"target\":[\"https:\/\/famosasofties.com\/it\/curious-come-george\/\"]}]},{\"@type\":\"BreadcrumbList\",\"@id\":\"https:\/\/famosasofties.com\/it\/curious-come-george\/#breadcrumb\",\"itemListElement\":[{\"@type\":\"ListItem\",\"position\":1,\"name\":\"Portada\",\"item\":\"https:\/\/famosasofties.com\/it\/\"},{\"@type\":\"ListItem\",\"position\":2,\"name\":\"Curious come George\"}]}]}<\/script>\n<!-- \/ Yoast SEO plugin. -->","yoast_head_json":{"title":"Curious come George - Softies IT","description":"Il nostro catalogo offre un'ampia collezione di peluche di Curioso come George in diverse misure e tematiche.","robots":{"index":"index","follow":"follow","max-snippet":"max-snippet:-1","max-image-preview":"max-image-preview:large","max-video-preview":"max-video-preview:-1"},"canonical":"https:\/\/famosasofties.com\/it\/curious-come-george\/","og_locale":"it_IT","og_type":"article","og_title":"Curious come George - Softies IT","og_description":"Il nostro catalogo offre un'ampia collezione di peluche di Curioso come George in diverse misure e tematiche.","og_url":"https:\/\/famosasofties.com\/it\/curious-come-george\/","og_site_name":"Softies IT","article_modified_time":"2022-03-07T09:50:23+00:00","twitter_card":"summary_large_image","twitter_misc":{"Tempo di lettura stimato":"1 minuto"},"schema":{"@context":"https:\/\/schema.org","@graph":[{"@type":"WebSite","@id":"https:\/\/famosasofties.com\/it\/#website","url":"https:\/\/famosasofties.com\/it\/","name":"Softies IT","description":"Otro sitio realizado con WordPress","potentialAction":[{"@type":"SearchAction","target":{"@type":"EntryPoint","urlTemplate":"https:\/\/famosasofties.com\/it\/?s={search_term_string}"},"query-input":"required name=search_term_string"}],"inLanguage":"it-IT"},{"@type":"WebPage","@id":"https:\/\/famosasofties.com\/it\/curious-come-george\/#webpage","url":"https:\/\/famosasofties.com\/it\/curious-come-george\/","name":"Curious come George - Softies IT","isPartOf":{"@id":"https:\/\/famosasofties.com\/it\/#website"},"datePublished":"2021-10-11T06:10:10+00:00","dateModified":"2022-03-07T09:50:23+00:00","description":"Il nostro catalogo offre un'ampia collezione di peluche di Curioso come George in diverse misure e tematiche.","breadcrumb":{"@id":"https:\/\/famosasofties.com\/it\/curious-come-george\/#breadcrumb"},"inLanguage":"it-IT","potentialAction":[{"@type":"ReadAction","target":["https:\/\/famosasofties.com\/it\/curious-come-george\/"]}]},{"@type":"BreadcrumbList","@id":"https:\/\/famosasofties.com\/it\/curious-come-george\/#breadcrumb","itemListElement":[{"@type":"ListItem","position":1,"name":"Portada","item":"https:\/\/famosasofties.com\/it\/"},{"@type":"ListItem","position":2,"name":"Curious come George"}]}]}},"_links":{"self":[{"href":"https:\/\/famosasofties.com\/it\/wp-json\/wp\/v2\/pages\/221"}],"collection":[{"href":"https:\/\/famosasofties.com\/it\/wp-json\/wp\/v2\/pages"}],"about":[{"href":"https:\/\/famosasofties.com\/it\/wp-json\/wp\/v2\/types\/page"}],"author":[{"embeddable":true,"href":"https:\/\/famosasofties.com\/it\/wp-json\/wp\/v2\/users\/1"}],"replies":[{"embeddable":true,"href":"https:\/\/famosasofties.com\/it\/wp-json\/wp\/v2\/comments?post=221"}],"version-history":[{"count":19,"href":"https:\/\/famosasofties.com\/it\/wp-json\/wp\/v2\/pages\/221\/revisions"}],"predecessor-version":[{"id":982,"href":"https:\/\/famosasofties.com\/it\/wp-json\/wp\/v2\/pages\/221\/revisions\/982"}],"wp:attachment":[{"href":"https:\/\/famosasofties.com\/it\/wp-json\/wp\/v2\/media?parent=221"}],"curies":[{"name":"wp","href":"https:\/\/api.w.org\/{rel}","templated":true}]}}