{"id":21,"date":"2021-07-23T09:36:09","date_gmt":"2021-07-23T09:36:09","guid":{"rendered":"https:\/\/famosasofties.com\/it\/?page_id=21"},"modified":"2022-03-07T09:47:49","modified_gmt":"2022-03-07T09:47:49","slug":"among-us","status":"publish","type":"page","link":"https:\/\/famosasofties.com\/it\/among-us\/","title":{"rendered":"AMONG US"},"content":{"rendered":"\t\t<div data-elementor-type=\"wp-page\" data-elementor-id=\"21\" class=\"elementor elementor-21\" data-elementor-settings=\"[]\">\n\t\t\t\t\t\t\t<div class=\"elementor-section-wrap\">\n\t\t\t\t\t\t\t<section class=\"elementor-section elementor-top-section elementor-element elementor-element-3a142a1 elementor-section-boxed elementor-section-height-default elementor-section-height-default\" data-id=\"3a142a1\" data-element_type=\"section\">\n\t\t\t\t\t\t<div class=\"elementor-container elementor-column-gap-default\">\n\t\t\t\t\t<div class=\"elementor-column elementor-col-100 elementor-top-column elementor-element elementor-element-2f802ea6\" data-id=\"2f802ea6\" data-element_type=\"column\">\n\t\t\t<div class=\"elementor-widget-wrap elementor-element-populated\">\n\t\t\t\t\t\t\t\t<div class=\"elementor-element elementor-element-18c1d17b elementor-widget elementor-widget-text-editor\" data-id=\"18c1d17b\" data-element_type=\"widget\" data-widget_type=\"text-editor.default\">\n\t\t\t\t<div class=\"elementor-widget-container\">\n\t\t\t\t\t\t\t\t<p><!-- wp:paragraph --><\/p>\n<p>Among Us \u00e8 il party game pi\u00f9 divertente e popolare del momento, che si \u00e8 trasformato in un vero fenomeno sui social network. L&#8217;equipaggio a bordo di una nave spaziale deve supervisionare il corretto funzionamento del veicolo e, al tempo stesso, indagare sugli &#8220;impostori&#8221; che cercano di sabotare la nave e assassinarli.<\/p>\n<p>Colleziona i tuoi membri dell&#8217;equipaggio di peluche preferiti!\u00a0<\/p>\n<p><!-- \/wp:paragraph --><\/p>\t\t\t\t\t\t<\/div>\n\t\t\t\t<\/div>\n\t\t\t\t\t<\/div>\n\t\t<\/div>\n\t\t\t\t\t\t\t<\/div>\n\t\t<\/section>\n\t\t\t\t\t\t<\/div>\n\t\t\t\t\t<\/div>\n\t\t","protected":false},"excerpt":{"rendered":"<p>Among Us \u00e8 il party game pi\u00f9 divertente e popolare del momento, che si \u00e8 trasformato in un vero fenomeno sui social network. L&#8217;equipaggio a bordo di una nave spaziale deve supervisionare il corretto funzionamento del veicolo e, al tempo stesso, indagare sugli &#8220;impostori&#8221; che cercano di sabotare la nave e assassinarli. Colleziona i tuoi [&hellip;]<\/p>\n","protected":false},"author":1,"featured_media":0,"parent":0,"menu_order":29,"comment_status":"closed","ping_status":"closed","template":"page-marca.php","meta":{"footnotes":""},"class_list":["post-21","page","type-page","status-publish","hentry"],"acf":[],"yoast_head":"<!-- This site is optimized with the Yoast SEO plugin v16.9 - https:\/\/yoast.com\/wordpress\/plugins\/seo\/ -->\n<title>AMONG US - Softies IT<\/title>\n<meta name=\"description\" content=\"Among Us \u00e8 il party game pi\u00f9 divertente e popolare del momento. Colleziona i tuoi membri dell&#039;equipaggio di peluche preferiti! 5 personaggi differenti di 30 cm.\" \/>\n<meta name=\"robots\" content=\"index, follow, max-snippet:-1, max-image-preview:large, max-video-preview:-1\" \/>\n<link rel=\"canonical\" href=\"https:\/\/famosasofties.com\/it\/among-us\/\" \/>\n<meta property=\"og:locale\" content=\"it_IT\" \/>\n<meta property=\"og:type\" content=\"article\" \/>\n<meta property=\"og:title\" content=\"AMONG US - Softies IT\" \/>\n<meta property=\"og:description\" content=\"Among Us \u00e8 il party game pi\u00f9 divertente e popolare del momento. Colleziona i tuoi membri dell&#039;equipaggio di peluche preferiti! 5 personaggi differenti di 30 cm.\" \/>\n<meta property=\"og:url\" content=\"https:\/\/famosasofties.com\/it\/among-us\/\" \/>\n<meta property=\"og:site_name\" content=\"Softies IT\" \/>\n<meta property=\"article:modified_time\" content=\"2022-03-07T09:47:49+00:00\" \/>\n<meta name=\"twitter:card\" content=\"summary_large_image\" \/>\n<meta name=\"twitter:label1\" content=\"Tempo di lettura stimato\" \/>\n\t<meta name=\"twitter:data1\" content=\"1 minuto\" \/>\n<script type=\"application\/ld+json\" class=\"yoast-schema-graph\">{\"@context\":\"https:\/\/schema.org\",\"@graph\":[{\"@type\":\"WebSite\",\"@id\":\"https:\/\/famosasofties.com\/it\/#website\",\"url\":\"https:\/\/famosasofties.com\/it\/\",\"name\":\"Softies IT\",\"description\":\"Otro sitio realizado con WordPress\",\"potentialAction\":[{\"@type\":\"SearchAction\",\"target\":{\"@type\":\"EntryPoint\",\"urlTemplate\":\"https:\/\/famosasofties.com\/it\/?s={search_term_string}\"},\"query-input\":\"required name=search_term_string\"}],\"inLanguage\":\"it-IT\"},{\"@type\":\"WebPage\",\"@id\":\"https:\/\/famosasofties.com\/it\/among-us\/#webpage\",\"url\":\"https:\/\/famosasofties.com\/it\/among-us\/\",\"name\":\"AMONG US - Softies IT\",\"isPartOf\":{\"@id\":\"https:\/\/famosasofties.com\/it\/#website\"},\"datePublished\":\"2021-07-23T09:36:09+00:00\",\"dateModified\":\"2022-03-07T09:47:49+00:00\",\"description\":\"Among Us \\u00e8 il party game pi\\u00f9 divertente e popolare del momento. Colleziona i tuoi membri dell'equipaggio di peluche preferiti! 5 personaggi differenti di 30 cm.\",\"breadcrumb\":{\"@id\":\"https:\/\/famosasofties.com\/it\/among-us\/#breadcrumb\"},\"inLanguage\":\"it-IT\",\"potentialAction\":[{\"@type\":\"ReadAction\",\"target\":[\"https:\/\/famosasofties.com\/it\/among-us\/\"]}]},{\"@type\":\"BreadcrumbList\",\"@id\":\"https:\/\/famosasofties.com\/it\/among-us\/#breadcrumb\",\"itemListElement\":[{\"@type\":\"ListItem\",\"position\":1,\"name\":\"Portada\",\"item\":\"https:\/\/famosasofties.com\/it\/\"},{\"@type\":\"ListItem\",\"position\":2,\"name\":\"AMONG US\"}]}]}<\/script>\n<!-- \/ Yoast SEO plugin. -->","yoast_head_json":{"title":"AMONG US - Softies IT","description":"Among Us \u00e8 il party game pi\u00f9 divertente e popolare del momento. Colleziona i tuoi membri dell'equipaggio di peluche preferiti! 5 personaggi differenti di 30 cm.","robots":{"index":"index","follow":"follow","max-snippet":"max-snippet:-1","max-image-preview":"max-image-preview:large","max-video-preview":"max-video-preview:-1"},"canonical":"https:\/\/famosasofties.com\/it\/among-us\/","og_locale":"it_IT","og_type":"article","og_title":"AMONG US - Softies IT","og_description":"Among Us \u00e8 il party game pi\u00f9 divertente e popolare del momento. Colleziona i tuoi membri dell'equipaggio di peluche preferiti! 5 personaggi differenti di 30 cm.","og_url":"https:\/\/famosasofties.com\/it\/among-us\/","og_site_name":"Softies IT","article_modified_time":"2022-03-07T09:47:49+00:00","twitter_card":"summary_large_image","twitter_misc":{"Tempo di lettura stimato":"1 minuto"},"schema":{"@context":"https:\/\/schema.org","@graph":[{"@type":"WebSite","@id":"https:\/\/famosasofties.com\/it\/#website","url":"https:\/\/famosasofties.com\/it\/","name":"Softies IT","description":"Otro sitio realizado con WordPress","potentialAction":[{"@type":"SearchAction","target":{"@type":"EntryPoint","urlTemplate":"https:\/\/famosasofties.com\/it\/?s={search_term_string}"},"query-input":"required name=search_term_string"}],"inLanguage":"it-IT"},{"@type":"WebPage","@id":"https:\/\/famosasofties.com\/it\/among-us\/#webpage","url":"https:\/\/famosasofties.com\/it\/among-us\/","name":"AMONG US - Softies IT","isPartOf":{"@id":"https:\/\/famosasofties.com\/it\/#website"},"datePublished":"2021-07-23T09:36:09+00:00","dateModified":"2022-03-07T09:47:49+00:00","description":"Among Us \u00e8 il party game pi\u00f9 divertente e popolare del momento. Colleziona i tuoi membri dell'equipaggio di peluche preferiti! 5 personaggi differenti di 30 cm.","breadcrumb":{"@id":"https:\/\/famosasofties.com\/it\/among-us\/#breadcrumb"},"inLanguage":"it-IT","potentialAction":[{"@type":"ReadAction","target":["https:\/\/famosasofties.com\/it\/among-us\/"]}]},{"@type":"BreadcrumbList","@id":"https:\/\/famosasofties.com\/it\/among-us\/#breadcrumb","itemListElement":[{"@type":"ListItem","position":1,"name":"Portada","item":"https:\/\/famosasofties.com\/it\/"},{"@type":"ListItem","position":2,"name":"AMONG US"}]}]}},"_links":{"self":[{"href":"https:\/\/famosasofties.com\/it\/wp-json\/wp\/v2\/pages\/21"}],"collection":[{"href":"https:\/\/famosasofties.com\/it\/wp-json\/wp\/v2\/pages"}],"about":[{"href":"https:\/\/famosasofties.com\/it\/wp-json\/wp\/v2\/types\/page"}],"author":[{"embeddable":true,"href":"https:\/\/famosasofties.com\/it\/wp-json\/wp\/v2\/users\/1"}],"replies":[{"embeddable":true,"href":"https:\/\/famosasofties.com\/it\/wp-json\/wp\/v2\/comments?post=21"}],"version-history":[{"count":31,"href":"https:\/\/famosasofties.com\/it\/wp-json\/wp\/v2\/pages\/21\/revisions"}],"predecessor-version":[{"id":973,"href":"https:\/\/famosasofties.com\/it\/wp-json\/wp\/v2\/pages\/21\/revisions\/973"}],"wp:attachment":[{"href":"https:\/\/famosasofties.com\/it\/wp-json\/wp\/v2\/media?parent=21"}],"curies":[{"name":"wp","href":"https:\/\/api.w.org\/{rel}","templated":true}]}}