{"id":1029,"date":"2022-03-10T18:46:58","date_gmt":"2022-03-10T18:46:58","guid":{"rendered":"https:\/\/famosasofties.com\/it\/?page_id=1029"},"modified":"2022-03-10T18:56:00","modified_gmt":"2022-03-10T18:56:00","slug":"i-minions","status":"publish","type":"page","link":"https:\/\/famosasofties.com\/it\/i-minions\/","title":{"rendered":"I Minions"},"content":{"rendered":"\n<p>I Minions sono gli adorabili personaggi gialli al servizio del cattivo Gru. Questi esseri carismatici sono riusciti a far s\u00ec che il franchising di animazione di Gru diventasse il pi\u00f9 redditizio nella storia del cinema.<\/p>\n\n\n\n<p>In luglio 2022 uscir\u00e0 Minions 2:&nbsp;Come Gru diventa cattivissimo\u2026 e cosa c\u2019\u00e8 di pi\u00f9 adorabile di un Minion? Un Minion di peluche con materiale ultra soffice e tutto da abbracciare. In tutte le misure.<\/p>\n","protected":false},"excerpt":{"rendered":"<p>I Minions sono gli adorabili personaggi gialli al servizio del cattivo Gru. Questi esseri carismatici sono riusciti a far s\u00ec che il franchising di animazione di Gru diventasse il pi\u00f9 redditizio nella storia del cinema. In luglio 2022 uscir\u00e0 Minions 2:&nbsp;Come Gru diventa cattivissimo\u2026 e cosa c\u2019\u00e8 di pi\u00f9 adorabile di un Minion? Un Minion [&hellip;]<\/p>\n","protected":false},"author":1,"featured_media":0,"parent":0,"menu_order":1,"comment_status":"closed","ping_status":"closed","template":"page-marca.php","meta":{"footnotes":""},"class_list":["post-1029","page","type-page","status-publish","hentry"],"acf":[],"yoast_head":"<!-- This site is optimized with the Yoast SEO plugin v16.9 - https:\/\/yoast.com\/wordpress\/plugins\/seo\/ -->\n<title>I Minions - Softies IT<\/title>\n<meta name=\"robots\" content=\"index, follow, max-snippet:-1, max-image-preview:large, max-video-preview:-1\" \/>\n<link rel=\"canonical\" href=\"https:\/\/famosasofties.com\/it\/i-minions\/\" \/>\n<meta property=\"og:locale\" content=\"it_IT\" \/>\n<meta property=\"og:type\" content=\"article\" \/>\n<meta property=\"og:title\" content=\"I Minions - Softies IT\" \/>\n<meta property=\"og:description\" content=\"I Minions sono gli adorabili personaggi gialli al servizio del cattivo Gru. Questi esseri carismatici sono riusciti a far s\u00ec che il franchising di animazione di Gru diventasse il pi\u00f9 redditizio nella storia del cinema. In luglio 2022 uscir\u00e0 Minions 2:&nbsp;Come Gru diventa cattivissimo\u2026 e cosa c\u2019\u00e8 di pi\u00f9 adorabile di un Minion? Un Minion [&hellip;]\" \/>\n<meta property=\"og:url\" content=\"https:\/\/famosasofties.com\/it\/i-minions\/\" \/>\n<meta property=\"og:site_name\" content=\"Softies IT\" \/>\n<meta property=\"article:modified_time\" content=\"2022-03-10T18:56:00+00:00\" \/>\n<meta name=\"twitter:card\" content=\"summary_large_image\" \/>\n<meta name=\"twitter:label1\" content=\"Tempo di lettura stimato\" \/>\n\t<meta name=\"twitter:data1\" content=\"1 minuto\" \/>\n<script type=\"application\/ld+json\" class=\"yoast-schema-graph\">{\"@context\":\"https:\/\/schema.org\",\"@graph\":[{\"@type\":\"WebSite\",\"@id\":\"https:\/\/famosasofties.com\/it\/#website\",\"url\":\"https:\/\/famosasofties.com\/it\/\",\"name\":\"Softies IT\",\"description\":\"Otro sitio realizado con WordPress\",\"potentialAction\":[{\"@type\":\"SearchAction\",\"target\":{\"@type\":\"EntryPoint\",\"urlTemplate\":\"https:\/\/famosasofties.com\/it\/?s={search_term_string}\"},\"query-input\":\"required name=search_term_string\"}],\"inLanguage\":\"it-IT\"},{\"@type\":\"WebPage\",\"@id\":\"https:\/\/famosasofties.com\/it\/i-minions\/#webpage\",\"url\":\"https:\/\/famosasofties.com\/it\/i-minions\/\",\"name\":\"I Minions - Softies IT\",\"isPartOf\":{\"@id\":\"https:\/\/famosasofties.com\/it\/#website\"},\"datePublished\":\"2022-03-10T18:46:58+00:00\",\"dateModified\":\"2022-03-10T18:56:00+00:00\",\"breadcrumb\":{\"@id\":\"https:\/\/famosasofties.com\/it\/i-minions\/#breadcrumb\"},\"inLanguage\":\"it-IT\",\"potentialAction\":[{\"@type\":\"ReadAction\",\"target\":[\"https:\/\/famosasofties.com\/it\/i-minions\/\"]}]},{\"@type\":\"BreadcrumbList\",\"@id\":\"https:\/\/famosasofties.com\/it\/i-minions\/#breadcrumb\",\"itemListElement\":[{\"@type\":\"ListItem\",\"position\":1,\"name\":\"Portada\",\"item\":\"https:\/\/famosasofties.com\/it\/\"},{\"@type\":\"ListItem\",\"position\":2,\"name\":\"I Minions\"}]}]}<\/script>\n<!-- \/ Yoast SEO plugin. -->","yoast_head_json":{"title":"I Minions - Softies IT","robots":{"index":"index","follow":"follow","max-snippet":"max-snippet:-1","max-image-preview":"max-image-preview:large","max-video-preview":"max-video-preview:-1"},"canonical":"https:\/\/famosasofties.com\/it\/i-minions\/","og_locale":"it_IT","og_type":"article","og_title":"I Minions - Softies IT","og_description":"I Minions sono gli adorabili personaggi gialli al servizio del cattivo Gru. Questi esseri carismatici sono riusciti a far s\u00ec che il franchising di animazione di Gru diventasse il pi\u00f9 redditizio nella storia del cinema. In luglio 2022 uscir\u00e0 Minions 2:&nbsp;Come Gru diventa cattivissimo\u2026 e cosa c\u2019\u00e8 di pi\u00f9 adorabile di un Minion? Un Minion [&hellip;]","og_url":"https:\/\/famosasofties.com\/it\/i-minions\/","og_site_name":"Softies IT","article_modified_time":"2022-03-10T18:56:00+00:00","twitter_card":"summary_large_image","twitter_misc":{"Tempo di lettura stimato":"1 minuto"},"schema":{"@context":"https:\/\/schema.org","@graph":[{"@type":"WebSite","@id":"https:\/\/famosasofties.com\/it\/#website","url":"https:\/\/famosasofties.com\/it\/","name":"Softies IT","description":"Otro sitio realizado con WordPress","potentialAction":[{"@type":"SearchAction","target":{"@type":"EntryPoint","urlTemplate":"https:\/\/famosasofties.com\/it\/?s={search_term_string}"},"query-input":"required name=search_term_string"}],"inLanguage":"it-IT"},{"@type":"WebPage","@id":"https:\/\/famosasofties.com\/it\/i-minions\/#webpage","url":"https:\/\/famosasofties.com\/it\/i-minions\/","name":"I Minions - Softies IT","isPartOf":{"@id":"https:\/\/famosasofties.com\/it\/#website"},"datePublished":"2022-03-10T18:46:58+00:00","dateModified":"2022-03-10T18:56:00+00:00","breadcrumb":{"@id":"https:\/\/famosasofties.com\/it\/i-minions\/#breadcrumb"},"inLanguage":"it-IT","potentialAction":[{"@type":"ReadAction","target":["https:\/\/famosasofties.com\/it\/i-minions\/"]}]},{"@type":"BreadcrumbList","@id":"https:\/\/famosasofties.com\/it\/i-minions\/#breadcrumb","itemListElement":[{"@type":"ListItem","position":1,"name":"Portada","item":"https:\/\/famosasofties.com\/it\/"},{"@type":"ListItem","position":2,"name":"I Minions"}]}]}},"_links":{"self":[{"href":"https:\/\/famosasofties.com\/it\/wp-json\/wp\/v2\/pages\/1029"}],"collection":[{"href":"https:\/\/famosasofties.com\/it\/wp-json\/wp\/v2\/pages"}],"about":[{"href":"https:\/\/famosasofties.com\/it\/wp-json\/wp\/v2\/types\/page"}],"author":[{"embeddable":true,"href":"https:\/\/famosasofties.com\/it\/wp-json\/wp\/v2\/users\/1"}],"replies":[{"embeddable":true,"href":"https:\/\/famosasofties.com\/it\/wp-json\/wp\/v2\/comments?post=1029"}],"version-history":[{"count":4,"href":"https:\/\/famosasofties.com\/it\/wp-json\/wp\/v2\/pages\/1029\/revisions"}],"predecessor-version":[{"id":1034,"href":"https:\/\/famosasofties.com\/it\/wp-json\/wp\/v2\/pages\/1029\/revisions\/1034"}],"wp:attachment":[{"href":"https:\/\/famosasofties.com\/it\/wp-json\/wp\/v2\/media?parent=1029"}],"curies":[{"name":"wp","href":"https:\/\/api.w.org\/{rel}","templated":true}]}}