{"id":1043,"date":"2022-03-10T19:02:59","date_gmt":"2022-03-10T19:02:59","guid":{"rendered":"https:\/\/famosasofties.com\/en\/?page_id=1043"},"modified":"2022-03-10T19:04:50","modified_gmt":"2022-03-10T19:04:50","slug":"the-minions","status":"publish","type":"page","link":"https:\/\/famosasofties.com\/en\/the-minions\/","title":{"rendered":"The Minions"},"content":{"rendered":"\t\t<div data-elementor-type=\"wp-page\" data-elementor-id=\"1043\" class=\"elementor elementor-1043\" data-elementor-settings=\"[]\">\n\t\t\t\t\t\t\t<div class=\"elementor-section-wrap\">\n\t\t\t\t\t\t\t<section class=\"elementor-section elementor-top-section elementor-element elementor-element-3a142a1 elementor-section-boxed elementor-section-height-default elementor-section-height-default\" data-id=\"3a142a1\" data-element_type=\"section\">\n\t\t\t\t\t\t<div class=\"elementor-container elementor-column-gap-default\">\n\t\t\t\t\t<div class=\"elementor-column elementor-col-100 elementor-top-column elementor-element elementor-element-2f802ea6\" data-id=\"2f802ea6\" data-element_type=\"column\">\n\t\t\t<div class=\"elementor-widget-wrap elementor-element-populated\">\n\t\t\t\t\t\t\t\t<div class=\"elementor-element elementor-element-18c1d17b elementor-widget elementor-widget-text-editor\" data-id=\"18c1d17b\" data-element_type=\"widget\" data-widget_type=\"text-editor.default\">\n\t\t\t\t<div class=\"elementor-widget-container\">\n\t\t\t\t\t\t\t\t<div><p><span lang=\"EN-US\">The Minions are those cute little figures which serve Felonius Gru. These charismatic little beings have made Gru the most successful animated franchise in the history of cinema.<\/span><\/p><\/div><div><span lang=\"EN-US\">The second film is out in July 2022 called Minions: The Rise of Gru. Who can say no to a Minion? A Minion soft toy made with extra-soft material is so huggable. <\/span>Available in all sizes <\/div>\t\t\t\t\t\t<\/div>\n\t\t\t\t<\/div>\n\t\t\t\t\t<\/div>\n\t\t<\/div>\n\t\t\t\t\t\t\t<\/div>\n\t\t<\/section>\n\t\t\t\t\t\t<\/div>\n\t\t\t\t\t<\/div>\n\t\t","protected":false},"excerpt":{"rendered":"<p>The Minions are those cute little figures which serve Felonius Gru. These charismatic little beings have made Gru the most successful animated franchise in the history of cinema. The second film is out in July 2022 called Minions: The Rise of Gru. Who can say no to a Minion? A Minion soft toy made with [&hellip;]<\/p>\n","protected":false},"author":1,"featured_media":0,"parent":0,"menu_order":3,"comment_status":"closed","ping_status":"closed","template":"page-marca.php","meta":{"footnotes":""},"class_list":["post-1043","page","type-page","status-publish","hentry"],"acf":[],"yoast_head":"<!-- This site is optimized with the Yoast SEO plugin v16.9 - https:\/\/yoast.com\/wordpress\/plugins\/seo\/ -->\n<title>The Minions - Softies EN<\/title>\n<meta name=\"description\" content=\"Descubre la colecci\u00f3n de mu\u00f1ecas de trapo de PinyPon, se trata de las mu\u00f1ecas de tendencia convertidas en peluche con un look muy cool.\" \/>\n<meta name=\"robots\" content=\"index, follow, max-snippet:-1, max-image-preview:large, max-video-preview:-1\" \/>\n<link rel=\"canonical\" href=\"https:\/\/famosasofties.com\/en\/the-minions\/\" \/>\n<meta property=\"og:locale\" content=\"en_US\" \/>\n<meta property=\"og:type\" content=\"article\" \/>\n<meta property=\"og:title\" content=\"The Minions - Softies EN\" \/>\n<meta property=\"og:description\" content=\"Descubre la colecci\u00f3n de mu\u00f1ecas de trapo de PinyPon, se trata de las mu\u00f1ecas de tendencia convertidas en peluche con un look muy cool.\" \/>\n<meta property=\"og:url\" content=\"https:\/\/famosasofties.com\/en\/the-minions\/\" \/>\n<meta property=\"og:site_name\" content=\"Softies EN\" \/>\n<meta property=\"article:modified_time\" content=\"2022-03-10T19:04:50+00:00\" \/>\n<meta name=\"twitter:card\" content=\"summary_large_image\" \/>\n<meta name=\"twitter:label1\" content=\"Est. reading time\" \/>\n\t<meta name=\"twitter:data1\" content=\"1 minute\" \/>\n<script type=\"application\/ld+json\" class=\"yoast-schema-graph\">{\"@context\":\"https:\/\/schema.org\",\"@graph\":[{\"@type\":\"WebSite\",\"@id\":\"https:\/\/famosasofties.com\/en\/#website\",\"url\":\"https:\/\/famosasofties.com\/en\/\",\"name\":\"Softies EN\",\"description\":\"Otro sitio realizado con WordPress\",\"potentialAction\":[{\"@type\":\"SearchAction\",\"target\":{\"@type\":\"EntryPoint\",\"urlTemplate\":\"https:\/\/famosasofties.com\/en\/?s={search_term_string}\"},\"query-input\":\"required name=search_term_string\"}],\"inLanguage\":\"en-US\"},{\"@type\":\"WebPage\",\"@id\":\"https:\/\/famosasofties.com\/en\/the-minions\/#webpage\",\"url\":\"https:\/\/famosasofties.com\/en\/the-minions\/\",\"name\":\"The Minions - Softies EN\",\"isPartOf\":{\"@id\":\"https:\/\/famosasofties.com\/en\/#website\"},\"datePublished\":\"2022-03-10T19:02:59+00:00\",\"dateModified\":\"2022-03-10T19:04:50+00:00\",\"description\":\"Descubre la colecci\\u00f3n de mu\\u00f1ecas de trapo de PinyPon, se trata de las mu\\u00f1ecas de tendencia convertidas en peluche con un look muy cool.\",\"breadcrumb\":{\"@id\":\"https:\/\/famosasofties.com\/en\/the-minions\/#breadcrumb\"},\"inLanguage\":\"en-US\",\"potentialAction\":[{\"@type\":\"ReadAction\",\"target\":[\"https:\/\/famosasofties.com\/en\/the-minions\/\"]}]},{\"@type\":\"BreadcrumbList\",\"@id\":\"https:\/\/famosasofties.com\/en\/the-minions\/#breadcrumb\",\"itemListElement\":[{\"@type\":\"ListItem\",\"position\":1,\"name\":\"Portada\",\"item\":\"https:\/\/famosasofties.com\/en\/\"},{\"@type\":\"ListItem\",\"position\":2,\"name\":\"The Minions\"}]}]}<\/script>\n<!-- \/ Yoast SEO plugin. -->","yoast_head_json":{"title":"The Minions - Softies EN","description":"Descubre la colecci\u00f3n de mu\u00f1ecas de trapo de PinyPon, se trata de las mu\u00f1ecas de tendencia convertidas en peluche con un look muy cool.","robots":{"index":"index","follow":"follow","max-snippet":"max-snippet:-1","max-image-preview":"max-image-preview:large","max-video-preview":"max-video-preview:-1"},"canonical":"https:\/\/famosasofties.com\/en\/the-minions\/","og_locale":"en_US","og_type":"article","og_title":"The Minions - Softies EN","og_description":"Descubre la colecci\u00f3n de mu\u00f1ecas de trapo de PinyPon, se trata de las mu\u00f1ecas de tendencia convertidas en peluche con un look muy cool.","og_url":"https:\/\/famosasofties.com\/en\/the-minions\/","og_site_name":"Softies EN","article_modified_time":"2022-03-10T19:04:50+00:00","twitter_card":"summary_large_image","twitter_misc":{"Est. reading time":"1 minute"},"schema":{"@context":"https:\/\/schema.org","@graph":[{"@type":"WebSite","@id":"https:\/\/famosasofties.com\/en\/#website","url":"https:\/\/famosasofties.com\/en\/","name":"Softies EN","description":"Otro sitio realizado con WordPress","potentialAction":[{"@type":"SearchAction","target":{"@type":"EntryPoint","urlTemplate":"https:\/\/famosasofties.com\/en\/?s={search_term_string}"},"query-input":"required name=search_term_string"}],"inLanguage":"en-US"},{"@type":"WebPage","@id":"https:\/\/famosasofties.com\/en\/the-minions\/#webpage","url":"https:\/\/famosasofties.com\/en\/the-minions\/","name":"The Minions - Softies EN","isPartOf":{"@id":"https:\/\/famosasofties.com\/en\/#website"},"datePublished":"2022-03-10T19:02:59+00:00","dateModified":"2022-03-10T19:04:50+00:00","description":"Descubre la colecci\u00f3n de mu\u00f1ecas de trapo de PinyPon, se trata de las mu\u00f1ecas de tendencia convertidas en peluche con un look muy cool.","breadcrumb":{"@id":"https:\/\/famosasofties.com\/en\/the-minions\/#breadcrumb"},"inLanguage":"en-US","potentialAction":[{"@type":"ReadAction","target":["https:\/\/famosasofties.com\/en\/the-minions\/"]}]},{"@type":"BreadcrumbList","@id":"https:\/\/famosasofties.com\/en\/the-minions\/#breadcrumb","itemListElement":[{"@type":"ListItem","position":1,"name":"Portada","item":"https:\/\/famosasofties.com\/en\/"},{"@type":"ListItem","position":2,"name":"The Minions"}]}]}},"_links":{"self":[{"href":"https:\/\/famosasofties.com\/en\/wp-json\/wp\/v2\/pages\/1043"}],"collection":[{"href":"https:\/\/famosasofties.com\/en\/wp-json\/wp\/v2\/pages"}],"about":[{"href":"https:\/\/famosasofties.com\/en\/wp-json\/wp\/v2\/types\/page"}],"author":[{"embeddable":true,"href":"https:\/\/famosasofties.com\/en\/wp-json\/wp\/v2\/users\/1"}],"replies":[{"embeddable":true,"href":"https:\/\/famosasofties.com\/en\/wp-json\/wp\/v2\/comments?post=1043"}],"version-history":[{"count":7,"href":"https:\/\/famosasofties.com\/en\/wp-json\/wp\/v2\/pages\/1043\/revisions"}],"predecessor-version":[{"id":1051,"href":"https:\/\/famosasofties.com\/en\/wp-json\/wp\/v2\/pages\/1043\/revisions\/1051"}],"wp:attachment":[{"href":"https:\/\/famosasofties.com\/en\/wp-json\/wp\/v2\/media?parent=1043"}],"curies":[{"name":"wp","href":"https:\/\/api.w.org\/{rel}","templated":true}]}}